{"id":1564,"date":"2016-07-05T08:45:00","date_gmt":"2016-07-05T07:45:00","guid":{"rendered":"http:\/\/velo-club-brignais.com\/v2\/?page_id=1564"},"modified":"2022-05-16T14:57:23","modified_gmt":"2022-05-16T13:57:23","slug":"2016-07-fareins-2","status":"publish","type":"page","link":"https:\/\/velo-club-brignais.com\/v2\/?page_id=1564","title":{"rendered":"2016-07 &#8211; Fareins"},"content":{"rendered":"<h1 style=\"text-align: center;\"><span style=\"color: #0000ff;\"><strong>Fareins<\/strong><\/span><\/h1>\n<p>&nbsp;<\/p>\n<p>Pr\u00e9sents du VCB\u00a0: Abel \/Jean-Claude \/ Jo Reignier \/ Michel \/Guy \/Marcel \/Jo\u00ebl\u00a0: 7 VCB<\/p>\n<p>Supportrices\u00a0:Chantal \/D.D \/ Nathalie Merci pour vos encouragements toujours motiv\u00e9 c\u2019est sympa<\/p>\n<p>M\u00e9t\u00e9o bonne \u00e0 peine frais et soleil, le circuit de Fareins 1,6 km dans un e Z.I en pleine nature, beau rev\u00eatement, pas de difficult\u00e9s.<\/p>\n<p><strong>D\u00e9part 8h30 pour la 5<\/strong>: 30 tours c\u2019est le club de Tr\u00e9voux qui contr\u00f4le la course, plusieurs tentatives mais difficile de sortir dans le dernier tour jacques J. (celui qui gagne en 2015) fait une grosse sortie, un coureur de Tr\u00e9voux\u00a0 suit imm\u00e9diatement avec un l\u00e9ger temps de retard j\u2019y vais \u00e9galement je vire en 3, la \u00a0ligne droite est longue, je tire, mais j\u2019ai laiss\u00e9 des forces pour revenir, la meute explose de tout cot\u00e9, Michel est surpris par le slalom d\u2019Abel, Guy l\u00e2che prise (allez Guy tu vas retrouver la motivation)Abel finira 3, moi 9, Jo, Michel et Guy juste derri\u00e8re.<\/p>\n<p><strong>En 4 D\u00e9part pour Jean-Claude<\/strong> et 35 tours\u00a0:Jean-Claude comme \u00e0 son habitude animera la course tout le long, ram\u00e8nera \u00e0 chaque fois le peloton,\u00a0\u00ab\u00a0quelle sant\u00e9\u00a0\u00bbpas moyen de sortir, gros sprint bagarr\u00e9 \u00e0 l\u2019arriv\u00e9e<\/p>\n<p>J-Claude finira 5<\/p>\n<p><strong>En 3 D\u00e9part pour Marcel<\/strong> et 40 tours durant les premiers tours \u00e0 l\u2019arri\u00e8re, \u00ab\u00a0Phase Observation\u00a0\u00bb au fil des tours \u00ab\u00a0Milieu de peloton\u00a0\u00bb il y a des tentatives de sorties Spartacus se place \u00e0 l\u2019avant en \u00ab\u00a0Phase Attaque\u00a0\u00bb sur le bord nous voyons un Marcel facile et nous pensons podium, dans\u00a0 le dernier tour il est devant, dernier virage un coureur accroche Spartacus, pas de risque, il \u00a0laisse la meute s\u2019expliquer pour le sprint, et finit dans le peloton.<\/p>\n<p><span style=\"color: #ffffff;\">&#8230;<\/span><\/p>\n<style id=\"bwg-style-0\">      #bwg_container1_0 #bwg_container2_0 .image_browser_images_conteiner_0 * {        -moz-box-sizing: border-box;        box-sizing: border-box;      }      #bwg_container1_0 #bwg_container2_0 .image_browser_images_conteiner_0{\t\tbackground-color: rgba(245, 245, 245, 0.90);\t\ttext-align: center;\t\twidth: 100%;\t\tborder-style: none;\t\tborder-width: 2px;\t\tborder-color: #F7F7F7;\t\tpadding: 4px;\t\tborder-radius: 0;\t\tposition:relative;      }      #bwg_container1_0 #bwg_container2_0 .image_browser_images_0 {\t\tdisplay: inline-block;\t\t-moz-box-sizing: border-box;\t\tbox-sizing: border-box;\t\tfont-size: 0;\t\ttext-align: center;\t\tmax-width: 100%;\t\twidth: 100%;      }      #bwg_container1_0 #bwg_container2_0 .image_browser_image_buttons_conteiner_0 {\t\ttext-align: center;      }      #bwg_container1_0 #bwg_container2_0 .image_browser_image_buttons_0 {\t\tdisplay: inline-block;\t\twidth:100%;      }      #bwg_container1_0 #bwg_container2_0 .bwg_image_browser_image_0 {        background-color: rgba(235, 235, 235, 0.80);\t\ttext-align: center;\t\tdisplay: inline-block;\t\tvertical-align: middle;\t\tmargin: 2px auto;\t\tpadding: 4px;\t\tborder-radius: 0;\t\tborder: 1px none #F5F5F5;\t\tbox-shadow: ;\t\tmax-width: 800px;\t\twidth: 100%;\t\t\/*z-index: 100;*\/\t\tposition: relative;      }      #bwg_container1_0 #bwg_container2_0 .bwg_image_alt_0{\t\tdisplay: table;\t\twidth: 100%;\t\tfont-size: 15px;\t\tfont-family: segoe ui;\t\tcolor: #000000;\t\ttext-align:center;\t\tpadding-left: 8px;        word-break: break-word;      }      #bwg_container1_0 #bwg_container2_0 .bwg_image_browser_img_0 {        padding: 0 !important;\t\tmax-width: 100% !important;\t\theight: inherit !important;\t\twidth: 100%;      }      @media only screen and (max-width : 320px) {\t\t#bwg_container1_0 #bwg_container2_0 .displaying-num_0 {\t\t  display: none;\t\t}\t\t#bwg_container1_0 #bwg_container2_0 .bwg_image_alt_0 {\t\t  font-size: 10px !important;\t\t}\t\t#bwg_container1_0 #bwg_container2_0 .bwg_watermark_text_0,\t\t#bwg_container1_0 #bwg_container2_0 .bwg_watermark_text_0:hover {\t\t  font-size: 10px !important;\t\t  text-decoration: none;\t\t  margin: 4px;\t\t  font-family: Arial;\t\t  color: #FFFFFF !important;\t\t  opacity: 0.30;\t\t  text-decoration: none;\t\t  position: relative;\t\t  z-index: 10141;\t\t}\t\t#bwg_container1_0 #bwg_container2_0 .bwg_image_browser_image_description_0 {\t\t  color: #000000;\t\t  display: table;\t\t  width: 100%;\t\t  text-align: left;\t\t  font-size: 8px !important;\t\t  font-family: segoe ui;\t\t  padding: 8px 8px 8px 8px;\t\t  \/*word-break: break-all;*\/\t\t  border-style: none;\t\t  background-color: #EBEBEB;\t\t  border-radius: 0;\t\t  border-width: 1px;\t\t}\t\t#bwg_container1_0 #bwg_container2_0 .tablenav-pages_0 a {\t\t  font-size: 10px !important;\t\t}      }      #bwg_container1_0 #bwg_container2_0 .bwg_image_browser_image_desp_0 {\t\t\t\tdisplay: table;\t\t\t\tclear: both;\t\t\t\ttext-align: center;        padding: 0px 5px 0px 5px;\t\t\t\twidth: 100%;      }      #bwg_container1_0 #bwg_container2_0 .bwg_image_browser_image_description_0 {        color: #000000;\t\tdisplay: table;\t\twidth: 100%;\t\ttext-align: left;\t\tfont-size: 15px;\t\tfont-family: segoe ui;\t\tpadding: 8px 8px 8px 8px;\t\tword-break: break-word;\t\tborder-style: none;\t\tbackground-color: #EBEBEB;\t\tborder-radius: 0;\t\tborder-width: 1px;      }      #bwg_container1_0 #bwg_container2_0 .bwg_image_browser_image_alt_0 {      \tdisplay:table;        clear: both;        text-align: center;        padding: 8px;        width: 100%;      }      \/*watermark*\/      #bwg_container1_0 #bwg_container2_0 .bwg_watermark_text_0,      #bwg_container1_0 #bwg_container2_0 .bwg_watermark_text_0:hover {        text-decoration: none;        margin: 4px;        font-size: 12px;        font-family: Arial;        color: #FFFFFF !important;        opacity: 0.30;        position: relative;        z-index: 10141;      }      #bwg_container1_0 #bwg_container2_0 .bwg_image_browser_image_contain_0{        position: absolute;        text-align: center;        vertical-align: middle;        width: 100%;        height: 100%;        cursor: pointer;      }      #bwg_container1_0 #bwg_container2_0 .bwg_image_browser_watermark_contain_0{        display: table;        vertical-align: middle;        width: 100%;        height: 100%;      }\t       #bwg_container1_0 #bwg_container2_0 .bwg_image_browser_watermark_cont_0{        display: table-cell;        text-align: ;        position: relative;        vertical-align: ;      }      #bwg_container1_0 #bwg_container2_0 .bwg_image_browser_watermark_0{\t\tdisplay: inline-block;\t\toverflow: hidden;\t\tposition: relative;\t\tvertical-align: middle;\t\tz-index: 10140;\t\twidth: 90px;\t\tmax-width: 11.25%;\t\tmargin: 10px 10px 10px 10px ;      }      #bwg_container1_0 #bwg_container2_0 .bwg_image_browser_watermark_text_0{        display: inline-block;\t\toverflow: hidden;\t\tposition: relative;\t\tvertical-align: middle;\t\tz-index: 10140;\t\tmargin: 10px 10px 10px 10px;      }      #bwg_container1_0 #bwg_container2_0 .bwg_image_browser_watermark_img_0{        max-width: 100%;        opacity: 0.30;        position: relative;        z-index: 10141;      }      #bwg_container1_0 #bwg_container2_0 .bwg_none_selectable {        -webkit-touch-callout: none;        -webkit-user-select: none;        -khtml-user-select: none;        -moz-user-select: none;        -ms-user-select: none;        user-select: none;       ecoration: none;    }    #bwg_container1_0 #bwg_container2_0 .bwg_gal_title_0 {      background-color: rgba(0, 0, 0, 0);      color: #323A45;      display: block;      font-family: Ubuntu;      font-size: 16px;      font-weight: bold;      padding: 2px;      text-shadow: 0px 0px 0px #888888;      text-align: center;    }    <\/style>    <div id=\"bwg_container1_0\"         class=\"bwg_container bwg_thumbnail bwg_image_browser \"         data-right-click-protection=\"0\"         data-bwg=\"0\"         data-scroll=\"0\"         data-gallery-type=\"image_browser\"         data-gallery-view-type=\"image_browser\"         data-current-url=\"\/v2\/index.php?rest_route=%2Fwp%2Fv2%2Fpages%2F1564\"         data-lightbox-url=\"https:\/\/velo-club-brignais.com\/v2\/wp-admin\/admin-ajax.php?action=GalleryBox&#038;current_view=0&#038;gallery_id=61&#038;tag=0&#038;theme_id=1&#038;shortcode_id=53&#038;sort_by=order&#038;order_by=asc&#038;current_url=%2Fv2%2Findex.php%3Frest_route%3D%252Fwp%252Fv2%252Fpages%252F1564\"         data-gallery-id=\"61\"         data-popup-width=\"800\"         data-popup-height=\"500\"         data-is-album=\"gallery\"         data-buttons-position=\"bottom\">      <div id=\"bwg_container2_0\">             <div id=\"ajax_loading_0\" class=\"bwg_loading_div_1\">      <div class=\"bwg_loading_div_2\">        <div class=\"bwg_loading_div_3\">          <div id=\"loading_div_0\" class=\"bwg_spider_ajax_loading\">          <\/div>        <\/div>      <\/div>    <\/div>            <form id=\"gal_front_form_0\"              class=\"bwg-hidden\"              method=\"post\"              action=\"#\"              data-current=\"0\"              data-shortcode-id=\"53\"              data-gallery-type=\"image_browser\"              data-gallery-id=\"61\"              data-tag=\"0\"              data-album-id=\"0\"              data-theme-id=\"1\"              data-ajax-url=\"https:\/\/velo-club-brignais.com\/v2\/wp-admin\/admin-ajax.php?action=bwg_frontend_data\">          <div id=\"bwg_container3_0\" class=\"bwg-background bwg-background-0\">            \t  <div id=\"bwg_image_browser_0\" class=\"image_browser_images_conteiner_0 bwg-image_browser-images-wrapper bwg-container\"         data-params='{&quot;is_pro&quot;:false,&quot;image_right_click&quot;:&quot;0&quot;,&quot;gallery_id&quot;:&quot;61&quot;}'         data-bwg=\"0\"         data-lightbox-url=\"https:\/\/velo-club-brignais.com\/v2\/wp-admin\/admin-ajax.php?action=GalleryBox&#038;current_view=0&#038;gallery_id=61&#038;tag=0&#038;theme_id=1&#038;shortcode_id=53&#038;sort_by=order&#038;order_by=asc&#038;current_url=%2Fv2%2Findex.php%3Frest_route%3D%252Fwp%252Fv2%252Fpages%252F1564\">      <div class=\"image_browser_images_0\">                  <div class=\"image_browser_image_buttons_conteiner_0\">            <div class=\"image_browser_image_buttons_0\">                              <div class=\"bwg_image_browser_image_alt_0\">                  <div class=\"bwg_image_alt_0\" id=\"alt3327\">                    Fareins 2016 Abel                    <\/div>                <\/div>                              <div class=\"bwg_image_browser_image_0\">                                  <a style=\"position:relative;\" class=\"bwg-a\" >                    <img class=\"skip-lazy bwg-item0 bwg_image_browser_img bwg_image_browser_img_0 \"                         src=\"https:\/\/velo-club-brignais.com\/v2\/wp-content\/uploads\/photo-gallery\/2016\/2016-07-Fareins\/Fareins%202016%20Abel.jpg\"                         data-src=\"https:\/\/velo-club-brignais.com\/v2\/wp-content\/uploads\/photo-gallery\/2016\/2016-07-Fareins\/Fareins%202016%20Abel.jpg\"                         alt=\"Fareins 2016 Abel  \"                         title=\"Fareins 2016 Abel  \" \/>                  <\/a>                                <\/div>                              <div class=\"bwg_image_browser_image_desp_0\">                  <div class=\"bwg_image_browser_image_description_0\" id=\"alt3327\">                    Aperture: 2.2<br \/>Camera: GT-I9505<br \/>Caption: METADATA-START<br \/>Iso: 50<br \/>Orientation: 1<br \/>                  <\/div>                <\/div>                            <\/div>          <\/div>                <\/div>    <\/div>    <style>      \/*pagination styles*\/      #bwg_container1_0 #bwg_container2_0 .tablenav-pages_0 {\t\t\t\ttext-align: center;\t\t\t\tfont-size: 12px;\t\t\t\tfont-family: segoe ui;\t\t\t\tfont-weight: bold;\t\t\t\tcolor: #666666;\t\t\t\tmargin: 6px 0 4px;\t\t\t\tdisplay: block;      }      @media only screen and (max-width : 320px) {      #bwg_container1_0 #bwg_container2_0 .displaying-num_0 {     \t display: none;      }      }      #bwg_container1_0 #bwg_container2_0 .displaying-num_0 {\t\t\t\tfont-size: 12px;\t\t\t\tfont-family: segoe ui;\t\t\t\tfont-weight: bold;\t\t\t\tcolor: #666666;\t\t\t\tmargin-right: 10px;\t\t\t\tvertical-align: middle;      }      #bwg_container1_0 #bwg_container2_0 .paging-input_0 {\t\t\t\tfont-size: 12px;\t\t\t\tfont-family: segoe ui;\t\t\t\tfont-weight: bold;\t\t\t\tcolor: #666666;\t\t\t\tvertical-align: middle;      }      #bwg_container1_0 #bwg_container2_0 .tablenav-pages_0 a.disabled,      #bwg_container1_0 #bwg_container2_0 .tablenav-pages_0 a.disabled:hover,      #bwg_container1_0 #bwg_container2_0 .tablenav-pages_0 a.disabled:focus,\t\t\t#bwg_container1_0 #bwg_container2_0 .tablenav-pages_0 input.bwg_current_page {\t\t\t\tcursor: default;\t\t\t\tcolor: rgba(102, 102, 102, 0.5);      }      #bwg_container1_0 #bwg_container2_0 .tablenav-pages_0 a,      #bwg_container1_0 #bwg_container2_0 .tablenav-pages_0 input.bwg_current_page {\t\t\t\tcursor: pointer;\t\t\t\ttext-align: center;\t\t\t\tfont-size: 12px;\t\t\t\tfont-family: segoe ui;\t\t\t\tfont-weight: bold;\t\t\t\tcolor: #666666;\t\t\t\ttext-decoration: none;\t\t\t\tpadding: 3px 6px;\t\t\t\tmargin: 0;\t\t\t\tborder-radius: 0;\t\t\t\tborder-style: solid;\t\t\t\tborder-width: 1px;\t\t\t\tborder-color: #E3E3E3;\t\t\t\t\t\t\t\tbackground-color: rgba(255, 255, 255, 1.00);\t\t\t\tbox-shadow: 0;\t\t\t\ttransition: all 0.3s ease 0s;-webkit-transition: all 0.3s ease 0s;      }            #bwg_container1_0 #bwg_container2_0 .tablenav-pages_0 a.next-page:hover,      #bwg_container1_0 #bwg_container2_0 .tablenav-pages_0 a.prev-page:hover {        color: #000000;      }      #bwg_container1_0 #bwg_container2_0 .tablenav-pages_0 .first-page,      #bwg_container1_0 #bwg_container2_0 .tablenav-pages_0 .last-page {        padding: 0% 7%;      }      #bwg_container1_0 #bwg_container2_0 .tablenav-pages_0 .next-page {        margin: 0% 4% 0% 0%;      }      #bwg_container1_0 #bwg_container2_0 .tablenav-pages_0 .prev-page {        margin: 0% 0% 0% 4%;      }      #bwg_container1_0 #bwg_container2_0 .tablenav-pages_0 a {        font-size: 15px !important;        padding: 0% 7% !important;        border-style: none !important;        border-width: 1px;        border-color: #E3E3E3;        background-color: #FFFFFF;        opacity: 1.00;        transition: all 0.3s ease 0s;-webkit-transition: all 0.3s ease 0s;      }      .bwg_image_browser#bwg_container1_0 #bwg_container2_0 .tablenav-pages_0 a {         padding: 0% 11% !important;      }\t\t\t#bwg_container1_0 #bwg_container2_0 .tablenav-pages_0 {        background-color: rgba(245, 245, 245, 0.90);        margin-top: 0;      }      .bwg_image_browser  .pagination-links_0 {        white-space: nowrap;      }      @media screen and (max-width: 465px) {        .bwg_image_browser#bwg_container1_0 #bwg_container2_0 .tablenav-pages_0 a {          padding: 0% 5% !important;          font-size: 13px;        }      }      <\/style>      <span class=\"bwg_nav_cont_0\">              <div class=\"tablenav-pages_0\">                  <\/div>                <input type=\"hidden\" id=\"page_number_0\" name=\"page_number_0\" value=\"1\" \/>      <script type=\"text\/javascript\">        if( jQuery('.bwg_nav_cont_0').length > 1 ) {          jQuery('.bwg_nav_cont_0').first().remove()        }        function spider_page_0(cur, x, y, load_more) {          if (typeof load_more == \"undefined\") {            var load_more = false;          }          if (jQuery(cur).hasClass('disabled')) {            return false;          }          var items_county_0 = 1;          switch (y) {            case 1:              if (x >= items_county_0) {                document.getElementById('page_number_0').value = items_county_0;              }              else {                document.getElementById('page_number_0').value = x + 1;              }              break;            case 2:              document.getElementById('page_number_0').value = items_county_0;              break;            case -1:              if (x == 1) {                document.getElementById('page_number_0').value = 1;              }              else {                document.getElementById('page_number_0').value = x - 1;              }              break;            case -2:              document.getElementById('page_number_0').value = 1;              break;\t\t\t\t\t\tcase 0:              document.getElementById('page_number_0').value = x;              break;            default:              document.getElementById('page_number_0').value = 1;          }          bwg_ajax('gal_front_form_0', '0', 'bwg_image_browser_0', '0', '', 'gallery', 0, '', '', load_more, '', 1);        }                    jQuery('.first-page-0').on('click', function () {              spider_page_0(this, 1, -2, 'numeric');              return false;            });            jQuery('.prev-page-0').on('click', function () {              spider_page_0(this, 1, -1, 'numeric');              return false;            });            jQuery('.next-page-0').on('click', function () {              spider_page_0(this, 1, 1, 'numeric');              return false;            });            jQuery('.last-page-0').on('click', function () {              spider_page_0(this, 1, 2, 'numeric');              return false;            });        \t\t\t\t\/* Change page on input enter. *\/        function bwg_change_page_0( e, that ) {          if (  e.key == 'Enter' ) {            var to_page = parseInt(jQuery(that).val());            var pages_count = jQuery(that).parents(\".pagination-links\").data(\"pages-count\");            var current_url_param = jQuery(that).attr('data-url-info');            if (to_page > pages_count) {              to_page = 1;            }\t \t\t\t\t\t\t\t\t\t\t\t\tspider_page_0(this, to_page, 0, 'numeric');\t\t\t\t\t\t\treturn false;\t\t\t\t\t\t          }          return true;        }        jQuery('.bwg_load_btn_0').on('click', function () {            spider_page_0(this, 1, 1, true);            return false;        });      <\/script>      <\/span>                <\/div>        <\/form>              <\/div>    <\/div>    <script>      if (document.readyState === 'complete') {        if( typeof bwg_main_ready == 'function' ) {          if ( jQuery(\"#bwg_container1_0\").height() ) {            bwg_main_ready(jQuery(\"#bwg_container1_0\"));          }        }      } else {        document.addEventListener('DOMContentLoaded', function() {          if( typeof bwg_main_ready == 'function' ) {            if ( jQuery(\"#bwg_container1_0\").height() ) {             bwg_main_ready(jQuery(\"#bwg_container1_0\"));            }          }        });      }    <\/script>    \n","protected":false},"excerpt":{"rendered":"<p>Fareins &nbsp; Pr\u00e9sents du VCB\u00a0: Abel \/Jean-Claude \/ Jo Reignier \/ Michel \/Guy \/Marcel \/Jo\u00ebl\u00a0: 7 VCB Supportrices\u00a0:Chantal \/D.D \/ Nathalie Merci pour vos encouragements toujours motiv\u00e9 c\u2019est sympa M\u00e9t\u00e9o bonne \u00e0 peine frais et soleil, le circuit de Fareins&#8230; <a class=\"more-link\" href=\"https:\/\/velo-club-brignais.com\/v2\/?page_id=1564\">Continue Reading &rarr;<\/a><\/p>\n","protected":false},"author":1,"featured_media":0,"parent":1485,"menu_order":0,"comment_status":"closed","ping_status":"closed","template":"","meta":{"_seopress_robots_primary_cat":"","_seopress_titles_title":"","_seopress_titles_desc":"","_seopress_robots_index":"","_monsterinsights_skip_tracking":false,"_monsterinsights_sitenote_active":false,"_monsterinsights_sitenote_note":"","_monsterinsights_sitenote_category":0},"_links":{"self":[{"href":"https:\/\/velo-club-brignais.com\/v2\/index.php?rest_route=\/wp\/v2\/pages\/1564"}],"collection":[{"href":"https:\/\/velo-club-brignais.com\/v2\/index.php?rest_route=\/wp\/v2\/pages"}],"about":[{"href":"https:\/\/velo-club-brignais.com\/v2\/index.php?rest_route=\/wp\/v2\/types\/page"}],"author":[{"embeddable":true,"href":"https:\/\/velo-club-brignais.com\/v2\/index.php?rest_route=\/wp\/v2\/users\/1"}],"replies":[{"embeddable":true,"href":"https:\/\/velo-club-brignais.com\/v2\/index.php?rest_route=%2Fwp%2Fv2%2Fcomments&post=1564"}],"version-history":[{"count":2,"href":"https:\/\/velo-club-brignais.com\/v2\/index.php?rest_route=\/wp\/v2\/pages\/1564\/revisions"}],"predecessor-version":[{"id":1568,"href":"https:\/\/velo-club-brignais.com\/v2\/index.php?rest_route=\/wp\/v2\/pages\/1564\/revisions\/1568"}],"up":[{"embeddable":true,"href":"https:\/\/velo-club-brignais.com\/v2\/index.php?rest_route=\/wp\/v2\/pages\/1485"}],"wp:attachment":[{"href":"https:\/\/velo-club-brignais.com\/v2\/index.php?rest_route=%2Fwp%2Fv2%2Fmedia&parent=1564"}],"curies":[{"name":"wp","href":"https:\/\/api.w.org\/{rel}","templated":true}]}}