{"id":1769,"date":"2016-10-16T13:23:58","date_gmt":"2016-10-16T12:23:58","guid":{"rendered":"http:\/\/velo-club-brignais.com\/v2\/?page_id=1769"},"modified":"2024-05-06T10:01:41","modified_gmt":"2024-05-06T09:01:41","slug":"vtt-photos","status":"publish","type":"page","link":"https:\/\/velo-club-brignais.com\/v2\/?page_id=1769","title":{"rendered":"VTT &#8211; Photos saison 2023 &#8211; 2024"},"content":{"rendered":"\n<figure class=\"wp-block-gallery has-nested-images columns-default is-cropped\">\n<figure class=\"wp-block-image size-large\"><img loading=\"lazy\" width=\"1920\" height=\"2560\" data-id=\"4865\"  src=\"http:\/\/velo-club-brignais.com\/v2\/wp-content\/uploads\/2024\/03\/Saut-VTT-olympiades-VCB-scaled.jpg\" alt=\"XC VCB Saut\" class=\"wp-image-4865\" srcset=\"https:\/\/velo-club-brignais.com\/v2\/wp-content\/uploads\/2024\/03\/Saut-VTT-olympiades-VCB-scaled.jpg 1920w, https:\/\/velo-club-brignais.com\/v2\/wp-content\/uploads\/2024\/03\/Saut-VTT-olympiades-VCB-225x300.jpg 225w, https:\/\/velo-club-brignais.com\/v2\/wp-content\/uploads\/2024\/03\/Saut-VTT-olympiades-VCB-768x1024.jpg 768w, https:\/\/velo-club-brignais.com\/v2\/wp-content\/uploads\/2024\/03\/Saut-VTT-olympiades-VCB-113x150.jpg 113w, https:\/\/velo-club-brignais.com\/v2\/wp-content\/uploads\/2024\/03\/Saut-VTT-olympiades-VCB-1152x1536.jpg 1152w, https:\/\/velo-club-brignais.com\/v2\/wp-content\/uploads\/2024\/03\/Saut-VTT-olympiades-VCB-1536x2048.jpg 1536w, https:\/\/velo-club-brignais.com\/v2\/wp-content\/uploads\/2024\/03\/Saut-VTT-olympiades-VCB-945x1260.jpg 945w, https:\/\/velo-club-brignais.com\/v2\/wp-content\/uploads\/2024\/03\/Saut-VTT-olympiades-VCB-600x800.jpg 600w\" sizes=\"(max-width: 1920px) 100vw, 1920px\" \/><\/figure>\n\n\n\n<figure class=\"wp-block-image size-large\"><img loading=\"lazy\" width=\"1920\" height=\"2560\" data-id=\"4864\"  src=\"http:\/\/velo-club-brignais.com\/v2\/wp-content\/uploads\/2024\/03\/Olympiades-VCB-scaled.jpg\" alt=\"XC VCB descente\" class=\"wp-image-4864\" srcset=\"https:\/\/velo-club-brignais.com\/v2\/wp-content\/uploads\/2024\/03\/Olympiades-VCB-scaled.jpg 1920w, https:\/\/velo-club-brignais.com\/v2\/wp-content\/uploads\/2024\/03\/Olympiades-VCB-225x300.jpg 225w, https:\/\/velo-club-brignais.com\/v2\/wp-content\/uploads\/2024\/03\/Olympiades-VCB-768x1024.jpg 768w, https:\/\/velo-club-brignais.com\/v2\/wp-content\/uploads\/2024\/03\/Olympiades-VCB-113x150.jpg 113w, https:\/\/velo-club-brignais.com\/v2\/wp-content\/uploads\/2024\/03\/Olympiades-VCB-1152x1536.jpg 1152w, https:\/\/velo-club-brignais.com\/v2\/wp-content\/uploads\/2024\/03\/Olympiades-VCB-1536x2048.jpg 1536w, https:\/\/velo-club-brignais.com\/v2\/wp-content\/uploads\/2024\/03\/Olympiades-VCB-945x1260.jpg 945w, https:\/\/velo-club-brignais.com\/v2\/wp-content\/uploads\/2024\/03\/Olympiades-VCB-600x800.jpg 600w\" sizes=\"(max-width: 1920px) 100vw, 1920px\" \/><\/figure>\n\n\n\n<figure class=\"wp-block-image size-large\"><img loading=\"lazy\" width=\"1200\" height=\"1600\" data-id=\"4862\"  src=\"http:\/\/velo-club-brignais.com\/v2\/wp-content\/uploads\/2024\/03\/XC-VCB-Brignais-2.jpg\" alt=\"XC VCB descente TDJV 2\" class=\"wp-image-4862\" srcset=\"https:\/\/velo-club-brignais.com\/v2\/wp-content\/uploads\/2024\/03\/XC-VCB-Brignais-2.jpg 1200w, https:\/\/velo-club-brignais.com\/v2\/wp-content\/uploads\/2024\/03\/XC-VCB-Brignais-2-225x300.jpg 225w, https:\/\/velo-club-brignais.com\/v2\/wp-content\/uploads\/2024\/03\/XC-VCB-Brignais-2-768x1024.jpg 768w, https:\/\/velo-club-brignais.com\/v2\/wp-content\/uploads\/2024\/03\/XC-VCB-Brignais-2-113x150.jpg 113w, https:\/\/velo-club-brignais.com\/v2\/wp-content\/uploads\/2024\/03\/XC-VCB-Brignais-2-1152x1536.jpg 1152w, https:\/\/velo-club-brignais.com\/v2\/wp-content\/uploads\/2024\/03\/XC-VCB-Brignais-2-945x1260.jpg 945w, https:\/\/velo-club-brignais.com\/v2\/wp-content\/uploads\/2024\/03\/XC-VCB-Brignais-2-600x800.jpg 600w\" sizes=\"(max-width: 1200px) 100vw, 1200px\" \/><\/figure>\n\n\n\n<figure class=\"wp-block-image size-large\"><img loading=\"lazy\" width=\"1200\" height=\"1600\" data-id=\"4863\"  src=\"http:\/\/velo-club-brignais.com\/v2\/wp-content\/uploads\/2024\/03\/XC-VCB-Brignais.jpg\" alt=\"XC VCB descente TDJV\" class=\"wp-image-4863\" srcset=\"https:\/\/velo-club-brignais.com\/v2\/wp-content\/uploads\/2024\/03\/XC-VCB-Brignais.jpg 1200w, https:\/\/velo-club-brignais.com\/v2\/wp-content\/uploads\/2024\/03\/XC-VCB-Brignais-225x300.jpg 225w, https:\/\/velo-club-brignais.com\/v2\/wp-content\/uploads\/2024\/03\/XC-VCB-Brignais-768x1024.jpg 768w, https:\/\/velo-club-brignais.com\/v2\/wp-content\/uploads\/2024\/03\/XC-VCB-Brignais-113x150.jpg 113w, https:\/\/velo-club-brignais.com\/v2\/wp-content\/uploads\/2024\/03\/XC-VCB-Brignais-1152x1536.jpg 1152w, https:\/\/velo-club-brignais.com\/v2\/wp-content\/uploads\/2024\/03\/XC-VCB-Brignais-945x1260.jpg 945w, https:\/\/velo-club-brignais.com\/v2\/wp-content\/uploads\/2024\/03\/XC-VCB-Brignais-600x800.jpg 600w\" sizes=\"(max-width: 1200px) 100vw, 1200px\" \/><\/figure>\n\n\n\n<figure class=\"wp-block-image size-large\"><img loading=\"lazy\" width=\"2560\" height=\"1920\" data-id=\"4748\"  src=\"http:\/\/velo-club-brignais.com\/v2\/wp-content\/uploads\/2023\/12\/IMG_8292-scaled.jpg\" alt=\"photo de groupe ecole de vtt VCB\" class=\"wp-image-4748\" srcset=\"https:\/\/velo-club-brignais.com\/v2\/wp-content\/uploads\/2023\/12\/IMG_8292-scaled.jpg 2560w, https:\/\/velo-club-brignais.com\/v2\/wp-content\/uploads\/2023\/12\/IMG_8292-300x225.jpg 300w, https:\/\/velo-club-brignais.com\/v2\/wp-content\/uploads\/2023\/12\/IMG_8292-1024x768.jpg 1024w, https:\/\/velo-club-brignais.com\/v2\/wp-content\/uploads\/2023\/12\/IMG_8292-150x113.jpg 150w, https:\/\/velo-club-brignais.com\/v2\/wp-content\/uploads\/2023\/12\/IMG_8292-768x576.jpg 768w, https:\/\/velo-club-brignais.com\/v2\/wp-content\/uploads\/2023\/12\/IMG_8292-1536x1152.jpg 1536w, https:\/\/velo-club-brignais.com\/v2\/wp-content\/uploads\/2023\/12\/IMG_8292-2048x1536.jpg 2048w, https:\/\/velo-club-brignais.com\/v2\/wp-content\/uploads\/2023\/12\/IMG_8292-945x709.jpg 945w, https:\/\/velo-club-brignais.com\/v2\/wp-content\/uploads\/2023\/12\/IMG_8292-600x450.jpg 600w\" sizes=\"(max-width: 2560px) 100vw, 2560px\" \/><\/figure>\n\n\n\n<figure class=\"wp-block-image size-large\"><img loading=\"lazy\" width=\"2560\" height=\"1920\" data-id=\"4744\"  src=\"http:\/\/velo-club-brignais.com\/v2\/wp-content\/uploads\/2023\/12\/IMG_8410-scaled.jpg\" alt=\"\" class=\"wp-image-4744\" srcset=\"https:\/\/velo-club-brignais.com\/v2\/wp-content\/uploads\/2023\/12\/IMG_8410-scaled.jpg 2560w, https:\/\/velo-club-brignais.com\/v2\/wp-content\/uploads\/2023\/12\/IMG_8410-300x225.jpg 300w, https:\/\/velo-club-brignais.com\/v2\/wp-content\/uploads\/2023\/12\/IMG_8410-1024x768.jpg 1024w, https:\/\/velo-club-brignais.com\/v2\/wp-content\/uploads\/2023\/12\/IMG_8410-150x113.jpg 150w, https:\/\/velo-club-brignais.com\/v2\/wp-content\/uploads\/2023\/12\/IMG_8410-768x576.jpg 768w, https:\/\/velo-club-brignais.com\/v2\/wp-content\/uploads\/2023\/12\/IMG_8410-1536x1152.jpg 1536w, https:\/\/velo-club-brignais.com\/v2\/wp-content\/uploads\/2023\/12\/IMG_8410-2048x1536.jpg 2048w, https:\/\/velo-club-brignais.com\/v2\/wp-content\/uploads\/2023\/12\/IMG_8410-945x709.jpg 945w, https:\/\/velo-club-brignais.com\/v2\/wp-content\/uploads\/2023\/12\/IMG_8410-600x450.jpg 600w\" sizes=\"(max-width: 2560px) 100vw, 2560px\" \/><\/figure>\n<\/figure>\n\n\n\n<figure class=\"wp-block-image size-large\"><img loading=\"lazy\" width=\"1024\" height=\"768\" src=\"http:\/\/velo-club-brignais.com\/v2\/wp-content\/uploads\/2024\/03\/TDJV-pommiers-depart-XC-U13-1024x768.jpg\" alt=\"TDJV de Pommiers depart XC U13\" class=\"wp-image-4884\" srcset=\"https:\/\/velo-club-brignais.com\/v2\/wp-content\/uploads\/2024\/03\/TDJV-pommiers-depart-XC-U13-1024x768.jpg 1024w, https:\/\/velo-club-brignais.com\/v2\/wp-content\/uploads\/2024\/03\/TDJV-pommiers-depart-XC-U13-300x225.jpg 300w, https:\/\/velo-club-brignais.com\/v2\/wp-content\/uploads\/2024\/03\/TDJV-pommiers-depart-XC-U13-150x113.jpg 150w, https:\/\/velo-club-brignais.com\/v2\/wp-content\/uploads\/2024\/03\/TDJV-pommiers-depart-XC-U13-768x576.jpg 768w, https:\/\/velo-club-brignais.com\/v2\/wp-content\/uploads\/2024\/03\/TDJV-pommiers-depart-XC-U13-1536x1152.jpg 1536w, https:\/\/velo-club-brignais.com\/v2\/wp-content\/uploads\/2024\/03\/TDJV-pommiers-depart-XC-U13-945x709.jpg 945w, https:\/\/velo-club-brignais.com\/v2\/wp-content\/uploads\/2024\/03\/TDJV-pommiers-depart-XC-U13-600x450.jpg 600w, https:\/\/velo-club-brignais.com\/v2\/wp-content\/uploads\/2024\/03\/TDJV-pommiers-depart-XC-U13.jpg 2016w\" sizes=\"(max-width: 1024px) 100vw, 1024px\" \/><\/figure>\n\n\n\n<figure class=\"wp-block-gallery has-nested-images columns-default is-cropped\">\n<figure class=\"wp-block-image size-large\"><img loading=\"lazy\" width=\"2016\" height=\"1512\" data-id=\"4891\"  src=\"http:\/\/velo-club-brignais.com\/v2\/wp-content\/uploads\/2024\/03\/TDJV-pommiers-depart-XC-U13-2-1.jpg\" alt=\"\" class=\"wp-image-4891\" srcset=\"https:\/\/velo-club-brignais.com\/v2\/wp-content\/uploads\/2024\/03\/TDJV-pommiers-depart-XC-U13-2-1.jpg 2016w, https:\/\/velo-club-brignais.com\/v2\/wp-content\/uploads\/2024\/03\/TDJV-pommiers-depart-XC-U13-2-1-300x225.jpg 300w, https:\/\/velo-club-brignais.com\/v2\/wp-content\/uploads\/2024\/03\/TDJV-pommiers-depart-XC-U13-2-1-1024x768.jpg 1024w, https:\/\/velo-club-brignais.com\/v2\/wp-content\/uploads\/2024\/03\/TDJV-pommiers-depart-XC-U13-2-1-150x113.jpg 150w, https:\/\/velo-club-brignais.com\/v2\/wp-content\/uploads\/2024\/03\/TDJV-pommiers-depart-XC-U13-2-1-768x576.jpg 768w, https:\/\/velo-club-brignais.com\/v2\/wp-content\/uploads\/2024\/03\/TDJV-pommiers-depart-XC-U13-2-1-1536x1152.jpg 1536w, https:\/\/velo-club-brignais.com\/v2\/wp-content\/uploads\/2024\/03\/TDJV-pommiers-depart-XC-U13-2-1-945x709.jpg 945w, https:\/\/velo-club-brignais.com\/v2\/wp-content\/uploads\/2024\/03\/TDJV-pommiers-depart-XC-U13-2-1-600x450.jpg 600w\" sizes=\"(max-width: 2016px) 100vw, 2016px\" \/><\/figure>\n\n\n\n<figure class=\"wp-block-image size-large\"><img loading=\"lazy\" width=\"2016\" height=\"1512\" data-id=\"4659\"  src=\"http:\/\/velo-club-brignais.com\/v2\/wp-content\/uploads\/2023\/10\/Velo_club_brignais_Groupe-2_sept2023.jpg\" alt=\"Pr\u00e9sentation de l'Ecole de VTT du VCB - jeunes \u00e0 l'entrainement\" class=\"wp-image-4659\" srcset=\"https:\/\/velo-club-brignais.com\/v2\/wp-content\/uploads\/2023\/10\/Velo_club_brignais_Groupe-2_sept2023.jpg 2016w, https:\/\/velo-club-brignais.com\/v2\/wp-content\/uploads\/2023\/10\/Velo_club_brignais_Groupe-2_sept2023-300x225.jpg 300w, https:\/\/velo-club-brignais.com\/v2\/wp-content\/uploads\/2023\/10\/Velo_club_brignais_Groupe-2_sept2023-1024x768.jpg 1024w, https:\/\/velo-club-brignais.com\/v2\/wp-content\/uploads\/2023\/10\/Velo_club_brignais_Groupe-2_sept2023-150x113.jpg 150w, https:\/\/velo-club-brignais.com\/v2\/wp-content\/uploads\/2023\/10\/Velo_club_brignais_Groupe-2_sept2023-768x576.jpg 768w, https:\/\/velo-club-brignais.com\/v2\/wp-content\/uploads\/2023\/10\/Velo_club_brignais_Groupe-2_sept2023-1536x1152.jpg 1536w, https:\/\/velo-club-brignais.com\/v2\/wp-content\/uploads\/2023\/10\/Velo_club_brignais_Groupe-2_sept2023-945x709.jpg 945w, https:\/\/velo-club-brignais.com\/v2\/wp-content\/uploads\/2023\/10\/Velo_club_brignais_Groupe-2_sept2023-600x450.jpg 600w\" sizes=\"(max-width: 2016px) 100vw, 2016px\" \/><\/figure>\n\n\n\n<figure class=\"wp-block-image size-large\"><img loading=\"lazy\" width=\"1512\" height=\"2016\" data-id=\"4890\"  src=\"http:\/\/velo-club-brignais.com\/v2\/wp-content\/uploads\/2024\/03\/TDJV-pommiers-DH-U15.jpg\" alt=\"\" class=\"wp-image-4890\" srcset=\"https:\/\/velo-club-brignais.com\/v2\/wp-content\/uploads\/2024\/03\/TDJV-pommiers-DH-U15.jpg 1512w, https:\/\/velo-club-brignais.com\/v2\/wp-content\/uploads\/2024\/03\/TDJV-pommiers-DH-U15-225x300.jpg 225w, https:\/\/velo-club-brignais.com\/v2\/wp-content\/uploads\/2024\/03\/TDJV-pommiers-DH-U15-768x1024.jpg 768w, https:\/\/velo-club-brignais.com\/v2\/wp-content\/uploads\/2024\/03\/TDJV-pommiers-DH-U15-113x150.jpg 113w, https:\/\/velo-club-brignais.com\/v2\/wp-content\/uploads\/2024\/03\/TDJV-pommiers-DH-U15-1152x1536.jpg 1152w, https:\/\/velo-club-brignais.com\/v2\/wp-content\/uploads\/2024\/03\/TDJV-pommiers-DH-U15-945x1260.jpg 945w, https:\/\/velo-club-brignais.com\/v2\/wp-content\/uploads\/2024\/03\/TDJV-pommiers-DH-U15-600x800.jpg 600w\" sizes=\"(max-width: 1512px) 100vw, 1512px\" \/><\/figure>\n\n\n\n<figure class=\"wp-block-image size-large\"><img loading=\"lazy\" width=\"1200\" height=\"1600\" data-id=\"4879\"  src=\"http:\/\/velo-club-brignais.com\/v2\/wp-content\/uploads\/2024\/03\/TDJV-POMMIERS-XCE-VCB.jpg\" alt=\"\" class=\"wp-image-4879\" srcset=\"https:\/\/velo-club-brignais.com\/v2\/wp-content\/uploads\/2024\/03\/TDJV-POMMIERS-XCE-VCB.jpg 1200w, https:\/\/velo-club-brignais.com\/v2\/wp-content\/uploads\/2024\/03\/TDJV-POMMIERS-XCE-VCB-225x300.jpg 225w, https:\/\/velo-club-brignais.com\/v2\/wp-content\/uploads\/2024\/03\/TDJV-POMMIERS-XCE-VCB-768x1024.jpg 768w, https:\/\/velo-club-brignais.com\/v2\/wp-content\/uploads\/2024\/03\/TDJV-POMMIERS-XCE-VCB-113x150.jpg 113w, https:\/\/velo-club-brignais.com\/v2\/wp-content\/uploads\/2024\/03\/TDJV-POMMIERS-XCE-VCB-1152x1536.jpg 1152w, https:\/\/velo-club-brignais.com\/v2\/wp-content\/uploads\/2024\/03\/TDJV-POMMIERS-XCE-VCB-945x1260.jpg 945w, https:\/\/velo-club-brignais.com\/v2\/wp-content\/uploads\/2024\/03\/TDJV-POMMIERS-XCE-VCB-600x800.jpg 600w\" sizes=\"(max-width: 1200px) 100vw, 1200px\" \/><\/figure>\n<\/figure>\n\n\n\n<figure class=\"wp-block-gallery has-nested-images columns-default is-cropped\">\n<figure class=\"wp-block-image size-large\"><img loading=\"lazy\" width=\"1197\" height=\"1600\" data-id=\"4997\"  src=\"http:\/\/velo-club-brignais.com\/v2\/wp-content\/uploads\/2024\/05\/TDJV_ECM_Depart.jpg\" alt=\"\" class=\"wp-image-4997\" srcset=\"https:\/\/velo-club-brignais.com\/v2\/wp-content\/uploads\/2024\/05\/TDJV_ECM_Depart.jpg 1197w, https:\/\/velo-club-brignais.com\/v2\/wp-content\/uploads\/2024\/05\/TDJV_ECM_Depart-224x300.jpg 224w, https:\/\/velo-club-brignais.com\/v2\/wp-content\/uploads\/2024\/05\/TDJV_ECM_Depart-766x1024.jpg 766w, https:\/\/velo-club-brignais.com\/v2\/wp-content\/uploads\/2024\/05\/TDJV_ECM_Depart-112x150.jpg 112w, https:\/\/velo-club-brignais.com\/v2\/wp-content\/uploads\/2024\/05\/TDJV_ECM_Depart-768x1027.jpg 768w, https:\/\/velo-club-brignais.com\/v2\/wp-content\/uploads\/2024\/05\/TDJV_ECM_Depart-1149x1536.jpg 1149w, https:\/\/velo-club-brignais.com\/v2\/wp-content\/uploads\/2024\/05\/TDJV_ECM_Depart-945x1263.jpg 945w, https:\/\/velo-club-brignais.com\/v2\/wp-content\/uploads\/2024\/05\/TDJV_ECM_Depart-600x802.jpg 600w\" sizes=\"(max-width: 1197px) 100vw, 1197px\" \/><\/figure>\n<\/figure>\n\n\n\n<figure class=\"wp-block-gallery has-nested-images columns-default is-cropped\">\n<figure class=\"wp-block-image size-large\"><img loading=\"lazy\" width=\"480\" height=\"640\" data-id=\"5024\"  src=\"http:\/\/velo-club-brignais.com\/v2\/wp-content\/uploads\/2024\/05\/VTT_VCB_saut1.jpg\" alt=\"\" class=\"wp-image-5024\" srcset=\"https:\/\/velo-club-brignais.com\/v2\/wp-content\/uploads\/2024\/05\/VTT_VCB_saut1.jpg 480w, https:\/\/velo-club-brignais.com\/v2\/wp-content\/uploads\/2024\/05\/VTT_VCB_saut1-225x300.jpg 225w, https:\/\/velo-club-brignais.com\/v2\/wp-content\/uploads\/2024\/05\/VTT_VCB_saut1-113x150.jpg 113w\" sizes=\"(max-width: 480px) 100vw, 480px\" \/><\/figure>\n\n\n\n<figure class=\"wp-block-image size-large\"><img loading=\"lazy\" width=\"480\" height=\"640\" data-id=\"5021\"  src=\"http:\/\/velo-club-brignais.com\/v2\/wp-content\/uploads\/2024\/05\/VTT_VCB_saut2.jpg\" alt=\"\" class=\"wp-image-5021\" srcset=\"https:\/\/velo-club-brignais.com\/v2\/wp-content\/uploads\/2024\/05\/VTT_VCB_saut2.jpg 480w, https:\/\/velo-club-brignais.com\/v2\/wp-content\/uploads\/2024\/05\/VTT_VCB_saut2-225x300.jpg 225w, https:\/\/velo-club-brignais.com\/v2\/wp-content\/uploads\/2024\/05\/VTT_VCB_saut2-113x150.jpg 113w\" sizes=\"(max-width: 480px) 100vw, 480px\" \/><\/figure>\n\n\n\n<figure class=\"wp-block-image size-large\"><img loading=\"lazy\" width=\"480\" height=\"640\" data-id=\"5020\"  src=\"http:\/\/velo-club-brignais.com\/v2\/wp-content\/uploads\/2024\/05\/VTT_VCB_saut3.jpg\" alt=\"\" class=\"wp-image-5020\" srcset=\"https:\/\/velo-club-brignais.com\/v2\/wp-content\/uploads\/2024\/05\/VTT_VCB_saut3.jpg 480w, https:\/\/velo-club-brignais.com\/v2\/wp-content\/uploads\/2024\/05\/VTT_VCB_saut3-225x300.jpg 225w, https:\/\/velo-club-brignais.com\/v2\/wp-content\/uploads\/2024\/05\/VTT_VCB_saut3-113x150.jpg 113w\" sizes=\"(max-width: 480px) 100vw, 480px\" \/><\/figure>\n\n\n\n<figure class=\"wp-block-image size-large\"><img loading=\"lazy\" width=\"480\" height=\"640\" data-id=\"5023\"  src=\"http:\/\/velo-club-brignais.com\/v2\/wp-content\/uploads\/2024\/05\/vTT_VCB_saut4.jpg\" alt=\"\" class=\"wp-image-5023\" srcset=\"https:\/\/velo-club-brignais.com\/v2\/wp-content\/uploads\/2024\/05\/vTT_VCB_saut4.jpg 480w, https:\/\/velo-club-brignais.com\/v2\/wp-content\/uploads\/2024\/05\/vTT_VCB_saut4-225x300.jpg 225w, https:\/\/velo-club-brignais.com\/v2\/wp-content\/uploads\/2024\/05\/vTT_VCB_saut4-113x150.jpg 113w\" sizes=\"(max-width: 480px) 100vw, 480px\" \/><\/figure>\n\n\n\n<figure class=\"wp-block-image size-large\"><img loading=\"lazy\" width=\"480\" height=\"640\" data-id=\"5022\"  src=\"http:\/\/velo-club-brignais.com\/v2\/wp-content\/uploads\/2024\/05\/vTT_VCB_saut5.jpg\" alt=\"\" class=\"wp-image-5022\" srcset=\"https:\/\/velo-club-brignais.com\/v2\/wp-content\/uploads\/2024\/05\/vTT_VCB_saut5.jpg 480w, https:\/\/velo-club-brignais.com\/v2\/wp-content\/uploads\/2024\/05\/vTT_VCB_saut5-225x300.jpg 225w, https:\/\/velo-club-brignais.com\/v2\/wp-content\/uploads\/2024\/05\/vTT_VCB_saut5-113x150.jpg 113w\" sizes=\"(max-width: 480px) 100vw, 480px\" \/><\/figure>\n\n\n\n<figure class=\"wp-block-image size-large\"><img loading=\"lazy\" width=\"480\" height=\"640\" data-id=\"5025\"  src=\"http:\/\/velo-club-brignais.com\/v2\/wp-content\/uploads\/2024\/05\/VTT_VCB_saut6.jpg\" alt=\"\" class=\"wp-image-5025\" srcset=\"https:\/\/velo-club-brignais.com\/v2\/wp-content\/uploads\/2024\/05\/VTT_VCB_saut6.jpg 480w, https:\/\/velo-club-brignais.com\/v2\/wp-content\/uploads\/2024\/05\/VTT_VCB_saut6-225x300.jpg 225w, https:\/\/velo-club-brignais.com\/v2\/wp-content\/uploads\/2024\/05\/VTT_VCB_saut6-113x150.jpg 113w\" sizes=\"(max-width: 480px) 100vw, 480px\" \/><\/figure>\n\n\n\n<figure class=\"wp-block-image size-large\"><img loading=\"lazy\" width=\"480\" height=\"640\" data-id=\"5026\"  src=\"http:\/\/velo-club-brignais.com\/v2\/wp-content\/uploads\/2024\/05\/vTT_VCB_saut7.jpg\" alt=\"\" class=\"wp-image-5026\" srcset=\"https:\/\/velo-club-brignais.com\/v2\/wp-content\/uploads\/2024\/05\/vTT_VCB_saut7.jpg 480w, https:\/\/velo-club-brignais.com\/v2\/wp-content\/uploads\/2024\/05\/vTT_VCB_saut7-225x300.jpg 225w, https:\/\/velo-club-brignais.com\/v2\/wp-content\/uploads\/2024\/05\/vTT_VCB_saut7-113x150.jpg 113w\" sizes=\"(max-width: 480px) 100vw, 480px\" \/><\/figure>\n<\/figure>\n","protected":false},"excerpt":{"rendered":"","protected":false},"author":1,"featured_media":0,"parent":655,"menu_order":8,"comment_status":"closed","ping_status":"closed","template":"","meta":{"_seopress_robots_primary_cat":"","_seopress_titles_title":"Ecole de VTT du VCB - Photos","_seopress_titles_desc":"D\u00e9couvrez les photos des jeunes v\u00e9t\u00e9tistes du VCB","_seopress_robots_index":"","_monsterinsights_skip_tracking":false,"_monsterinsights_sitenote_active":false,"_monsterinsights_sitenote_note":"","_monsterinsights_sitenote_category":0},"_links":{"self":[{"href":"https:\/\/velo-club-brignais.com\/v2\/index.php?rest_route=\/wp\/v2\/pages\/1769"}],"collection":[{"href":"https:\/\/velo-club-brignais.com\/v2\/index.php?rest_route=\/wp\/v2\/pages"}],"about":[{"href":"https:\/\/velo-club-brignais.com\/v2\/index.php?rest_route=\/wp\/v2\/types\/page"}],"author":[{"embeddable":true,"href":"https:\/\/velo-club-brignais.com\/v2\/index.php?rest_route=\/wp\/v2\/users\/1"}],"replies":[{"embeddable":true,"href":"https:\/\/velo-club-brignais.com\/v2\/index.php?rest_route=%2Fwp%2Fv2%2Fcomments&post=1769"}],"version-history":[{"count":8,"href":"https:\/\/velo-club-brignais.com\/v2\/index.php?rest_route=\/wp\/v2\/pages\/1769\/revisions"}],"predecessor-version":[{"id":5027,"href":"https:\/\/velo-club-brignais.com\/v2\/index.php?rest_route=\/wp\/v2\/pages\/1769\/revisions\/5027"}],"up":[{"embeddable":true,"href":"https:\/\/velo-club-brignais.com\/v2\/index.php?rest_route=\/wp\/v2\/pages\/655"}],"wp:attachment":[{"href":"https:\/\/velo-club-brignais.com\/v2\/index.php?rest_route=%2Fwp%2Fv2%2Fmedia&parent=1769"}],"curies":[{"name":"wp","href":"https:\/\/api.w.org\/{rel}","templated":true}]}}