{"id":2150,"date":"2017-01-31T07:49:47","date_gmt":"2017-01-31T06:49:47","guid":{"rendered":"http:\/\/velo-club-brignais.com\/v2\/?page_id=2150"},"modified":"2022-05-16T14:51:32","modified_gmt":"2022-05-16T13:51:32","slug":"info-vcb-2016","status":"publish","type":"page","link":"https:\/\/velo-club-brignais.com\/v2\/?page_id=2150","title":{"rendered":"Info &#8211; VCB &#8211; 2016"},"content":{"rendered":"<p style=\"text-align: center;\">N\u00b0212 &#8211; D\u00e9cembre 2016<\/p>\n<p style=\"text-align: center;\">\n<div class=\"gde-error\">GDE Erreur: Erreur lors de la r\u00e9cup\u00e9ration du fichier - si n\u00e9cessaire, arr\u00eatez la v\u00e9rification d'erreurs (404:Not Found)<\/div>\n<\/p>\n<p style=\"text-align: center;\">N\u00b0211 &#8211; Novembre 2016<\/p>\n<p style=\"text-align: center;\">\n<div class=\"gde-error\">GDE Erreur: Erreur lors de la r\u00e9cup\u00e9ration du fichier - si n\u00e9cessaire, arr\u00eatez la v\u00e9rification d'erreurs (404:Not Found)<\/div>\n<\/p>\n<p style=\"text-align: center;\">N\u00b0210 &#8211; Octobre 2016<\/p>\n<p style=\"text-align: center;\">\n<div class=\"gde-error\">GDE Erreur: Erreur lors de la r\u00e9cup\u00e9ration du fichier - si n\u00e9cessaire, arr\u00eatez la v\u00e9rification d'erreurs (404:Not Found)<\/div>\n<\/p>\n<p style=\"text-align: center;\">N\u00b0209 &#8211; Septembre 2016<\/p>\n<p style=\"text-align: center;\">\n<div class=\"gde-error\">GDE Erreur: Erreur lors de la r\u00e9cup\u00e9ration du fichier - si n\u00e9cessaire, arr\u00eatez la v\u00e9rification d'erreurs (404:Not Found)<\/div>\n<\/p>\n<p style=\"text-align: center;\">N\u00b0208 &#8211; Juin 2016<\/p>\n<p style=\"text-align: center;\"><iframe src=\"\/\/docs.google.com\/viewer?url=http%3A%2F%2Fvelo-club-brignais.com%2Fv2%2Fwp-content%2Fuploads%2F2015%2F03%2Finfo-du-VCB-208-06-16-entier.pdf&hl=fr&embedded=true\" class=\"gde-frame\" style=\"width:600px; height:800px; border: none;\" scrolling=\"no\"><\/iframe>\n<p class=\"gde-text\"><a href=\"http:\/\/velo-club-brignais.com\/v2\/wp-content\/uploads\/2015\/03\/info-du-VCB-208-06-16-entier.pdf\" class=\"gde-link\" onClick=\"_gaq.push(['_trackEvent', 'Download', 'PDF', this.href]);\">T\u00e9l\u00e9charger (PDF, 1.51Mo)<\/a><\/p><\/p>\n<p style=\"text-align: center;\">N\u00b0207 &#8211; Mai 2016<\/p>\n<p style=\"text-align: center;\"><iframe src=\"\/\/docs.google.com\/viewer?url=http%3A%2F%2Fvelo-club-brignais.com%2Fv2%2Fwp-content%2Fuploads%2F2015%2F03%2Finfo-du-VCB-207-05-16-entier.pdf&hl=fr&embedded=true\" class=\"gde-frame\" style=\"width:600px; height:800px; border: none;\" scrolling=\"no\"><\/iframe>\n<p class=\"gde-text\"><a href=\"http:\/\/velo-club-brignais.com\/v2\/wp-content\/uploads\/2015\/03\/info-du-VCB-207-05-16-entier.pdf\" class=\"gde-link\" onClick=\"_gaq.push(['_trackEvent', 'Download', 'PDF', this.href]);\">T\u00e9l\u00e9charger (PDF, 1.75Mo)<\/a><\/p><\/p>\n<p style=\"text-align: center;\">N\u00b0206<\/p>\n<p style=\"text-align: center;\">&nbsp;N\u00b0205 &#8211; Mars 2016<\/p>\n<p style=\"text-align: center;\"><iframe src=\"\/\/docs.google.com\/viewer?url=http%3A%2F%2Fvelo-club-brignais.com%2Fv2%2Fwp-content%2Fuploads%2F2015%2F03%2Finfo-VCB-205-complet.pdf&hl=fr&embedded=true\" class=\"gde-frame\" style=\"width:600px; height:800px; border: none;\" scrolling=\"no\"><\/iframe>\n<p class=\"gde-text\"><a href=\"http:\/\/velo-club-brignais.com\/v2\/wp-content\/uploads\/2015\/03\/info-VCB-205-complet.pdf\" class=\"gde-link\" onClick=\"_gaq.push(['_trackEvent', 'Download', 'PDF', this.href]);\">T\u00e9l\u00e9charger (PDF, 1.41Mo)<\/a><\/p><\/p>\n<p style=\"text-align: center;\">N\u00b0204 &#8211; F\u00e9vrier 2016<\/p>\n<p style=\"text-align: center;\"><iframe src=\"\/\/docs.google.com\/viewer?url=http%3A%2F%2Fvelo-club-brignais.com%2Fv2%2Fwp-content%2Fuploads%2F2015%2F03%2Finfo-du-VCB-204-complet.pdf&hl=fr&embedded=true\" class=\"gde-frame\" style=\"width:600px; height:800px; border: none;\" scrolling=\"no\"><\/iframe>\n<p class=\"gde-text\"><a href=\"http:\/\/velo-club-brignais.com\/v2\/wp-content\/uploads\/2015\/03\/info-du-VCB-204-complet.pdf\" class=\"gde-link\" onClick=\"_gaq.push(['_trackEvent', 'Download', 'PDF', this.href]);\">T\u00e9l\u00e9charger (PDF, 2.16Mo)<\/a><\/p><\/p>\n","protected":false},"excerpt":{"rendered":"<p>N\u00b0212 &#8211; D\u00e9cembre 2016 N\u00b0211 &#8211; Novembre 2016 N\u00b0210 &#8211; Octobre 2016 N\u00b0209 &#8211; Septembre 2016 N\u00b0208 &#8211; Juin 2016 N\u00b0207 &#8211; Mai 2016 N\u00b0206 &nbsp;N\u00b0205 &#8211; Mars 2016 N\u00b0204 &#8211; F\u00e9vrier 2016<\/p>\n","protected":false},"author":1,"featured_media":0,"parent":2029,"menu_order":6,"comment_status":"closed","ping_status":"closed","template":"","meta":{"_seopress_robots_primary_cat":"","_seopress_titles_title":"","_seopress_titles_desc":"","_seopress_robots_index":"","_monsterinsights_skip_tracking":false,"_monsterinsights_sitenote_active":false,"_monsterinsights_sitenote_note":"","_monsterinsights_sitenote_category":0},"_links":{"self":[{"href":"https:\/\/velo-club-brignais.com\/v2\/index.php?rest_route=\/wp\/v2\/pages\/2150"}],"collection":[{"href":"https:\/\/velo-club-brignais.com\/v2\/index.php?rest_route=\/wp\/v2\/pages"}],"about":[{"href":"https:\/\/velo-club-brignais.com\/v2\/index.php?rest_route=\/wp\/v2\/types\/page"}],"author":[{"embeddable":true,"href":"https:\/\/velo-club-brignais.com\/v2\/index.php?rest_route=\/wp\/v2\/users\/1"}],"replies":[{"embeddable":true,"href":"https:\/\/velo-club-brignais.com\/v2\/index.php?rest_route=%2Fwp%2Fv2%2Fcomments&post=2150"}],"version-history":[{"count":4,"href":"https:\/\/velo-club-brignais.com\/v2\/index.php?rest_route=\/wp\/v2\/pages\/2150\/revisions"}],"predecessor-version":[{"id":4318,"href":"https:\/\/velo-club-brignais.com\/v2\/index.php?rest_route=\/wp\/v2\/pages\/2150\/revisions\/4318"}],"up":[{"embeddable":true,"href":"https:\/\/velo-club-brignais.com\/v2\/index.php?rest_route=\/wp\/v2\/pages\/2029"}],"wp:attachment":[{"href":"https:\/\/velo-club-brignais.com\/v2\/index.php?rest_route=%2Fwp%2Fv2%2Fmedia&parent=2150"}],"curies":[{"name":"wp","href":"https:\/\/api.w.org\/{rel}","templated":true}]}}