{"id":2231,"date":"2017-03-25T10:16:12","date_gmt":"2017-03-25T09:16:12","guid":{"rendered":"http:\/\/velo-club-brignais.com\/v2\/?page_id=2231"},"modified":"2022-05-16T15:23:04","modified_gmt":"2022-05-16T14:23:04","slug":"2017-03-18-prix-de-printemps-les-gaboureaux","status":"publish","type":"page","link":"https:\/\/velo-club-brignais.com\/v2\/?page_id=2231","title":{"rendered":"2017-03-18 &#8211; Prix de Printemps \u00ab Les Gaboureaux \u00bb"},"content":{"rendered":"<p>Pr\u00e8s de St Vulba, un circuit de 9.3 km<\/p>\n<p>Pr\u00e9sents VCB = 9\u00a0\u00a0\u00a0\u00a0\u00a0\u00a0\u00a0\u00a0\u00a0\u00a0\u00a0 Marcel, Alain D, Jean-Claude, Jean-Pierre, Abel, Sa\u00efd, Michel, Guy, Jo\u00ebl.<\/p>\n<ul>\n<li>En 3, 7 tours nombreux coureurs au d\u00e9part, Spartacus, et Alain\u00a0: dernier tour dans la grande ligne droite \u00e7a bouscule pour \u00eatre placer, au pied de la bosse, \u00e7a part de partout Marcel ne veut plus prendre de risque il se rel\u00e8ve il finit dans les 20 avec Alain tout proche.<\/li>\n<li>En 4, 6 tours gros peloton \u00e9galement, Jean-Claude, Jean-Pierre l\u2019Aigle des Barolles\u00a0:M\u00eame sc\u00e9nario Jean-Claude et Jean-Pierre finissent dans le peloton, pas de risque inutile\u00a0!!<\/li>\n<li>En 5, 5 tours gros peloton \u00e9galement, Abel, Sa\u00efd,(qui nous fait la bonne surprise d\u2019\u00eatre l\u00e0) Michel, Guy, Jo\u00ebl. De nombreuses tentatives de sorties mais pas moyen. Au dernier tour, au pied de la bosse, Jo\u00ebl est devant, mais dans la bosse \u00ab\u00a0panne d\u2019essence\u00a0\u00bb \u00e7a passe de partout, il se rel\u00e8ve. La 5\u00e9me Compagnie du VCB finit group\u00e9s entre 10 et 15.<\/li>\n<li>Merci \u00e0 DD (Andr\u00e9e Frassa), Chantal, Charly (petit fils) Anne-Marie, Christiane, Maryse, Am\u00e9lie, et Ang\u00e9lina (fille et petite-fille Frassa)pour votre pr\u00e9sence et encouragements.<\/li>\n<\/ul>\n","protected":false},"excerpt":{"rendered":"<p>Pr\u00e8s de St Vulba, un circuit de 9.3 km Pr\u00e9sents VCB = 9\u00a0\u00a0\u00a0\u00a0\u00a0\u00a0\u00a0\u00a0\u00a0\u00a0\u00a0 Marcel, Alain D, Jean-Claude, Jean-Pierre, Abel, Sa\u00efd, Michel, Guy, Jo\u00ebl. En 3, 7 tours nombreux coureurs au d\u00e9part, Spartacus, et Alain\u00a0: dernier tour dans la grande ligne&#8230; <a class=\"more-link\" href=\"https:\/\/velo-club-brignais.com\/v2\/?page_id=2231\">Continue Reading &rarr;<\/a><\/p>\n","protected":false},"author":1,"featured_media":0,"parent":2033,"menu_order":0,"comment_status":"closed","ping_status":"closed","template":"","meta":{"_seopress_robots_primary_cat":"","_seopress_titles_title":"","_seopress_titles_desc":"","_seopress_robots_index":"","_monsterinsights_skip_tracking":false,"_monsterinsights_sitenote_active":false,"_monsterinsights_sitenote_note":"","_monsterinsights_sitenote_category":0},"_links":{"self":[{"href":"https:\/\/velo-club-brignais.com\/v2\/index.php?rest_route=\/wp\/v2\/pages\/2231"}],"collection":[{"href":"https:\/\/velo-club-brignais.com\/v2\/index.php?rest_route=\/wp\/v2\/pages"}],"about":[{"href":"https:\/\/velo-club-brignais.com\/v2\/index.php?rest_route=\/wp\/v2\/types\/page"}],"author":[{"embeddable":true,"href":"https:\/\/velo-club-brignais.com\/v2\/index.php?rest_route=\/wp\/v2\/users\/1"}],"replies":[{"embeddable":true,"href":"https:\/\/velo-club-brignais.com\/v2\/index.php?rest_route=%2Fwp%2Fv2%2Fcomments&post=2231"}],"version-history":[{"count":1,"href":"https:\/\/velo-club-brignais.com\/v2\/index.php?rest_route=\/wp\/v2\/pages\/2231\/revisions"}],"predecessor-version":[{"id":2232,"href":"https:\/\/velo-club-brignais.com\/v2\/index.php?rest_route=\/wp\/v2\/pages\/2231\/revisions\/2232"}],"up":[{"embeddable":true,"href":"https:\/\/velo-club-brignais.com\/v2\/index.php?rest_route=\/wp\/v2\/pages\/2033"}],"wp:attachment":[{"href":"https:\/\/velo-club-brignais.com\/v2\/index.php?rest_route=%2Fwp%2Fv2%2Fmedia&parent=2231"}],"curies":[{"name":"wp","href":"https:\/\/api.w.org\/{rel}","templated":true}]}}