{"id":2244,"date":"2017-03-26T18:44:47","date_gmt":"2017-03-26T17:44:47","guid":{"rendered":"http:\/\/velo-club-brignais.com\/v2\/?page_id=2244"},"modified":"2022-05-16T15:24:03","modified_gmt":"2022-05-16T14:24:03","slug":"2017-03-25-course-meillonnas-a-cote-de-bourg-en-bresse","status":"publish","type":"page","link":"https:\/\/velo-club-brignais.com\/v2\/?page_id=2244","title":{"rendered":"2017-03-25- Course Meillonnas (\u00e0 cot\u00e9 de Bourg-en-Bresse)"},"content":{"rendered":"<p>R\u00e9sum\u00e9 r\u00e9dig\u00e9 par Jo\u00ebl.<\/p>\n<div>Bonsoir \u00e0 vous<\/div>\n<div><\/div>\n<div>Quelques nouvelles fra\u00eeches de Meillonnas, beaucoup de vent froid 10\u00b0,nuageux.<\/div>\n<div><\/div>\n<div>Pr\u00e9sents du VCB= 3 Jean -Claude -Jean -Pierre -Marcel Spartacus.<\/div>\n<div><\/div>\n<div>En 3 Marcel fait une belle course dans le dernier tour il a pris les commandes, en faisant ronfler, il finira 5 ou 6 d\u00e9sol\u00e9 peu de pr\u00e9cisions, Marcel apporte nous tes commentaires.<\/div>\n<div><\/div>\n<div>En 4 Jean-Claude et Jean-Pierre au d\u00e9part, malgr\u00e9 la m\u00e9t\u00e9o il y avait de gros peloton. 4 coureurs sont sortis, J-Claude n&#8217;a pas vu. Les \u00e9chapp\u00e9s auront jusqu&#8217;\u00e0 2 minutes d&#8217;avance. Dans le peloton personne ne veut donner la chasse.\u00a0A 3 tours de l&#8217;arriv\u00e9e, J-Claude sort avec un autre coureur, J-Pierre fait le boulot, personne ne sort !!J-Claude fait 5 et J-Pierre dans le peloton bravo \u00e0 vous deux.<\/div>\n<div><\/div>\n<div>Bonne soir\u00e9e \u00e0 tous.<\/div>\n<div>Demain Meyzieu<\/div>\n<div>Salutations<\/div>\n<div>Jo\u00ebl<\/div>\n<p>&nbsp;<\/p>\n","protected":false},"excerpt":{"rendered":"<p>R\u00e9sum\u00e9 r\u00e9dig\u00e9 par Jo\u00ebl. Bonsoir \u00e0 vous Quelques nouvelles fra\u00eeches de Meillonnas, beaucoup de vent froid 10\u00b0,nuageux. Pr\u00e9sents du VCB= 3 Jean -Claude -Jean -Pierre -Marcel Spartacus. En 3 Marcel fait une belle course dans le dernier tour il a&#8230; <a class=\"more-link\" href=\"https:\/\/velo-club-brignais.com\/v2\/?page_id=2244\">Continue Reading &rarr;<\/a><\/p>\n","protected":false},"author":1,"featured_media":0,"parent":2033,"menu_order":0,"comment_status":"closed","ping_status":"closed","template":"","meta":{"_seopress_robots_primary_cat":"","_seopress_titles_title":"","_seopress_titles_desc":"","_seopress_robots_index":"","_monsterinsights_skip_tracking":false,"_monsterinsights_sitenote_active":false,"_monsterinsights_sitenote_note":"","_monsterinsights_sitenote_category":0},"_links":{"self":[{"href":"https:\/\/velo-club-brignais.com\/v2\/index.php?rest_route=\/wp\/v2\/pages\/2244"}],"collection":[{"href":"https:\/\/velo-club-brignais.com\/v2\/index.php?rest_route=\/wp\/v2\/pages"}],"about":[{"href":"https:\/\/velo-club-brignais.com\/v2\/index.php?rest_route=\/wp\/v2\/types\/page"}],"author":[{"embeddable":true,"href":"https:\/\/velo-club-brignais.com\/v2\/index.php?rest_route=\/wp\/v2\/users\/1"}],"replies":[{"embeddable":true,"href":"https:\/\/velo-club-brignais.com\/v2\/index.php?rest_route=%2Fwp%2Fv2%2Fcomments&post=2244"}],"version-history":[{"count":2,"href":"https:\/\/velo-club-brignais.com\/v2\/index.php?rest_route=\/wp\/v2\/pages\/2244\/revisions"}],"predecessor-version":[{"id":2246,"href":"https:\/\/velo-club-brignais.com\/v2\/index.php?rest_route=\/wp\/v2\/pages\/2244\/revisions\/2246"}],"up":[{"embeddable":true,"href":"https:\/\/velo-club-brignais.com\/v2\/index.php?rest_route=\/wp\/v2\/pages\/2033"}],"wp:attachment":[{"href":"https:\/\/velo-club-brignais.com\/v2\/index.php?rest_route=%2Fwp%2Fv2%2Fmedia&parent=2244"}],"curies":[{"name":"wp","href":"https:\/\/api.w.org\/{rel}","templated":true}]}}