{"id":2273,"date":"2017-04-12T10:01:33","date_gmt":"2017-04-12T09:01:33","guid":{"rendered":"http:\/\/velo-club-brignais.com\/v2\/?page_id=2273"},"modified":"2022-05-16T14:47:44","modified_gmt":"2022-05-16T13:47:44","slug":"ha-2017-presentation","status":"publish","type":"page","link":"https:\/\/velo-club-brignais.com\/v2\/?page_id=2273","title":{"rendered":"HA 2017 &#8211; Pr\u00e9sentation"},"content":{"rendered":"<p><img loading=\"lazy\" class=\"aligncenter size-large wp-image-2277\" src=\"http:\/\/velo-club-brignais.com\/v2\/wp-content\/uploads\/2017\/04\/HA2017-170129-FLYERS-version4-724x1024.jpg\" alt=\"\" width=\"676\" height=\"956\" srcset=\"https:\/\/velo-club-brignais.com\/v2\/wp-content\/uploads\/2017\/04\/HA2017-170129-FLYERS-version4-724x1024.jpg 724w, https:\/\/velo-club-brignais.com\/v2\/wp-content\/uploads\/2017\/04\/HA2017-170129-FLYERS-version4-106x150.jpg 106w, https:\/\/velo-club-brignais.com\/v2\/wp-content\/uploads\/2017\/04\/HA2017-170129-FLYERS-version4-212x300.jpg 212w, https:\/\/velo-club-brignais.com\/v2\/wp-content\/uploads\/2017\/04\/HA2017-170129-FLYERS-version4-768x1086.jpg 768w, https:\/\/velo-club-brignais.com\/v2\/wp-content\/uploads\/2017\/04\/HA2017-170129-FLYERS-version4-945x1337.jpg 945w, https:\/\/velo-club-brignais.com\/v2\/wp-content\/uploads\/2017\/04\/HA2017-170129-FLYERS-version4-600x849.jpg 600w\" sizes=\"(max-width: 676px) 100vw, 676px\" \/><\/p>\n<p><span style=\"color: #ffffff;\">.<\/span><\/p>\n<h1>Horaires:<\/h1>\n<p>&#8211; Course VTT:\u00a0\u00a0\u00a0\u00a0\u00a0\u00a0\u00a0\u00a0\u00a0\u00a0\u00a0\u00a0\u00a0\u00a0\u00a0\u00a0\u00a0\u00a0\u00a0\u00a0\u00a0\u00a0\u00a0\u00a0\u00a0\u00a0\u00a0\u00a0\u00a0\u00a0\u00a0\u00a0\u00a0 D\u00e9part 09h00<\/p>\n<p>&#8211; Randonn\u00e9e Route et VTT: \u00a0 \u00a0\u00a0\u00a0\u00a0\u00a0\u00a0\u00a0 D\u00e9part \u00e0 partir de 09h15<\/p>\n<p>&#8211; Parcours VTT encadr\u00e9:\u00a0\u00a0\u00a0\u00a0\u00a0\u00a0\u00a0\u00a0\u00a0\u00a0\u00a0\u00a0\u00a0\u00a0\u00a0 D\u00e9part 09h30<\/p>\n<p>&#8211; Randonn\u00e9e p\u00e9destre 20km: \u00a0\u00a0\u00a0\u00a0\u00a0\u00a0 D\u00e9part jusqu&#8217;\u00e0 08h30<\/p>\n<p>&#8211; Randonn\u00e9e p\u00e9destre 10km: \u00a0\u00a0\u00a0\u00a0\u00a0\u00a0 D\u00e9part jusqu&#8217;\u00e0 10h00<\/p>\n<p><span style=\"color: #ffffff;\">.<\/span><\/p>\n<p><a href=\"http:\/\/velo-club-brignais.com\/v2\/?page_id=2187\">Inscription en ligne<\/a><\/p>\n<p><span style=\"color: #ffffff;\">.<\/span><\/p>\n<p>&nbsp;<\/p>\n<p><iframe loading=\"lazy\" frameborder=\"0\" width=\"676\" height=\"383\" src=\"https:\/\/www.dailymotion.com\/embed\/video\/x5hqiwk\" allowfullscreen allow=\"autoplay\"><\/iframe><\/p>\n","protected":false},"excerpt":{"rendered":"<p>. Horaires: &#8211; Course VTT:\u00a0\u00a0\u00a0\u00a0\u00a0\u00a0\u00a0\u00a0\u00a0\u00a0\u00a0\u00a0\u00a0\u00a0\u00a0\u00a0\u00a0\u00a0\u00a0\u00a0\u00a0\u00a0\u00a0\u00a0\u00a0\u00a0\u00a0\u00a0\u00a0\u00a0\u00a0\u00a0\u00a0 D\u00e9part 09h00 &#8211; Randonn\u00e9e Route et VTT: \u00a0 \u00a0\u00a0\u00a0\u00a0\u00a0\u00a0\u00a0 D\u00e9part \u00e0 partir de 09h15 &#8211; Parcours VTT encadr\u00e9:\u00a0\u00a0\u00a0\u00a0\u00a0\u00a0\u00a0\u00a0\u00a0\u00a0\u00a0\u00a0\u00a0\u00a0\u00a0 D\u00e9part 09h30 &#8211; Randonn\u00e9e p\u00e9destre 20km: \u00a0\u00a0\u00a0\u00a0\u00a0\u00a0 D\u00e9part jusqu&#8217;\u00e0 08h30 &#8211; Randonn\u00e9e p\u00e9destre 10km: \u00a0\u00a0\u00a0\u00a0\u00a0\u00a0 D\u00e9part jusqu&#8217;\u00e0&#8230; <a class=\"more-link\" href=\"https:\/\/velo-club-brignais.com\/v2\/?page_id=2273\">Continue Reading &rarr;<\/a><\/p>\n","protected":false},"author":1,"featured_media":0,"parent":4316,"menu_order":0,"comment_status":"open","ping_status":"closed","template":"","meta":{"_seopress_robots_primary_cat":"","_seopress_titles_title":"","_seopress_titles_desc":"","_seopress_robots_index":"","_monsterinsights_skip_tracking":false,"_monsterinsights_sitenote_active":false,"_monsterinsights_sitenote_note":"","_monsterinsights_sitenote_category":0},"_links":{"self":[{"href":"https:\/\/velo-club-brignais.com\/v2\/index.php?rest_route=\/wp\/v2\/pages\/2273"}],"collection":[{"href":"https:\/\/velo-club-brignais.com\/v2\/index.php?rest_route=\/wp\/v2\/pages"}],"about":[{"href":"https:\/\/velo-club-brignais.com\/v2\/index.php?rest_route=\/wp\/v2\/types\/page"}],"author":[{"embeddable":true,"href":"https:\/\/velo-club-brignais.com\/v2\/index.php?rest_route=\/wp\/v2\/users\/1"}],"replies":[{"embeddable":true,"href":"https:\/\/velo-club-brignais.com\/v2\/index.php?rest_route=%2Fwp%2Fv2%2Fcomments&post=2273"}],"version-history":[{"count":10,"href":"https:\/\/velo-club-brignais.com\/v2\/index.php?rest_route=\/wp\/v2\/pages\/2273\/revisions"}],"predecessor-version":[{"id":2409,"href":"https:\/\/velo-club-brignais.com\/v2\/index.php?rest_route=\/wp\/v2\/pages\/2273\/revisions\/2409"}],"up":[{"embeddable":true,"href":"https:\/\/velo-club-brignais.com\/v2\/index.php?rest_route=\/wp\/v2\/pages\/4316"}],"wp:attachment":[{"href":"https:\/\/velo-club-brignais.com\/v2\/index.php?rest_route=%2Fwp%2Fv2%2Fmedia&parent=2273"}],"curies":[{"name":"wp","href":"https:\/\/api.w.org\/{rel}","templated":true}]}}