{"id":2348,"date":"2017-05-27T21:21:39","date_gmt":"2017-05-27T20:21:39","guid":{"rendered":"http:\/\/velo-club-brignais.com\/v2\/?page_id=2348"},"modified":"2022-05-16T15:21:46","modified_gmt":"2022-05-16T14:21:46","slug":"2017-05-25-les-3-cols-37eme-edition","status":"publish","type":"page","link":"https:\/\/velo-club-brignais.com\/v2\/?page_id=2348","title":{"rendered":"2017-05-25 &#8211; Les 3 cols (37\u00e8me \u00e9dition)"},"content":{"rendered":"<p style=\"margin: 0in; font-family: Calibri; font-size: 12.0pt; color: blue;\"><img loading=\"lazy\" class=\"aligncenter wp-image-2362\" src=\"http:\/\/velo-club-brignais.com\/v2\/wp-content\/uploads\/2017\/06\/2017-04-17-7132-3-1024x932.jpg\" alt=\"\" width=\"522\" height=\"475\" srcset=\"https:\/\/velo-club-brignais.com\/v2\/wp-content\/uploads\/2017\/06\/2017-04-17-7132-3-1024x932.jpg 1024w, https:\/\/velo-club-brignais.com\/v2\/wp-content\/uploads\/2017\/06\/2017-04-17-7132-3-150x136.jpg 150w, https:\/\/velo-club-brignais.com\/v2\/wp-content\/uploads\/2017\/06\/2017-04-17-7132-3-300x273.jpg 300w, https:\/\/velo-club-brignais.com\/v2\/wp-content\/uploads\/2017\/06\/2017-04-17-7132-3-768x699.jpg 768w, https:\/\/velo-club-brignais.com\/v2\/wp-content\/uploads\/2017\/06\/2017-04-17-7132-3-945x860.jpg 945w, https:\/\/velo-club-brignais.com\/v2\/wp-content\/uploads\/2017\/06\/2017-04-17-7132-3-600x546.jpg 600w\" sizes=\"(max-width: 522px) 100vw, 522px\" \/><\/p>\n<p style=\"margin: 0in; font-family: Calibri; font-size: 12.0pt; color: blue;\"><span style=\"font-weight: bold;\">Apr\u00e8s avoir fait 13<\/span><span style=\"font-weight: bold; vertical-align: super;\">e<\/span><span style=\"font-weight: bold;\"> scratch au Raid du Bugey, mon objectif \u00e9tait de rentrer dans les 20, j&#8217;ai fini 15 !<\/span><\/p>\n<p style=\"margin: 0in; font-family: Calibri; font-size: 12.0pt; color: blue;\"><span style=\"font-weight: bold;\">Un d\u00e9part group\u00e9 qui monte \u00e0 un bon rythme en direction de Sainte-Consorce. Je suis toujours bien plac\u00e9 devant par peur de me faire enfermer. Dans une courbe serr\u00e9e, avant Pollionnay, je fais un virage fort et me retrouve seul en t\u00eate avec 200 m\u00e8tres d&#8217;avance. Je continue \u00e0 mon rythme, sans trop forcer, traversant ainsi seul Pollionnay. Je me fais reprendre 800 m\u00e8tres apr\u00e8s le d\u00e9but du Col de la Lu\u00e8re. Je m&#8217;accroche \u00e0 la t\u00eate comme je peux mais je perds des places, une par une, petit \u00e0 petit. Au sommet, je vois au loin la t\u00eate qui se reforme et se calme un peu. Avec l&#8217;aide d&#8217;un autre coureur, nous avons r\u00e9ussi \u00e0 revenir \u00e0 deux sur la t\u00eate de course, un peu avant Yzeron. <\/span><\/p>\n<p style=\"margin: 0in; font-family: Calibri; font-size: 12.0pt; color: blue;\"><span style=\"font-weight: bold;\">Je fais une descente tr\u00e8s rapide et m\u00eame un peu dangereuse, certains pourront le dire car avec les randonneurs, nous avons \u00e9t\u00e9 oblig\u00e9s de faire du slalom&#8230; <\/span><\/p>\n<p style=\"margin: 0in; font-family: Calibri; font-size: 12.0pt; color: blue;\"><span style=\"font-weight: bold;\">A Vaugneray, je vire sur la droite seul en t\u00eate et commence la mont\u00e9e de Saint-Laurent-de-Vaux seul \u00e0 mon rythme. Je me fais reprendre dans la sortie de Saint-Laurent.<\/span><\/p>\n<p style=\"margin: 0in; font-family: Calibri; font-size: 12.0pt; color: blue;\"><span style=\"font-weight: bold;\">Je resaute sur la fin de l&#8217;ascension. Je ne suis pas seul, nous formons le deuxi\u00e8me groupe \u00e0 Yzeron. La t\u00eate de course s&#8217;entendant mal, nous arrivons \u00e0 revenir, \u00e0 Saint-Bonnet-le-Froid. Puis arrive la descente du Col de la Lu\u00e8re \u00e0 vive allure. Sur le faux plat le long de la Brevenne, personne ne veux rouler. On attaque la mont\u00e9e en direction de Saint-Pierre-la-Palud tranquillement, \u00e0 ce moment-l\u00e0 nous sommes une vingtaine de coureurs en t\u00eate.<\/span><\/p>\n<p style=\"margin: 0in; font-family: Calibri; font-size: 12.0pt; color: blue;\"><span style=\"font-weight: bold;\">Arriv\u00e9s dans le mur, c&#8217;\u00e9tait \u00ab\u00a0chacun pour soi \u00bb et mes jambes \u00e9taient bien fatigu\u00e9es. J&#8217;arrive en haut, dernier du groupe, plusieurs petits groupes se forment. Dans le mien, nous \u00e9tions 4 et nous jouions pour la 15eme place.<\/span><\/p>\n<p style=\"margin: 0in; font-family: Calibri; font-size: 12.0pt; color: blue;\"><span style=\"font-weight: bold;\">Nous nous sommes bien entendus, les relais se sont encha\u00een\u00e9s jusqu&#8217;\u00e0 l&#8217;arriv\u00e9e et je viens faire le sprint que je gagne.<\/span><\/p>\n<p style=\"margin: 0in; font-family: Calibri; font-size: 12.0pt; color: blue;\"><span style=\"font-weight: bold;\">Au final, je suis 15\u00e8me au scratch et 7\u00e8me dans ma cat\u00e9gorie.<\/span><\/p>\n<p style=\"margin: 0in; font-family: Calibri; font-size: 12.0pt; color: blue;\"><span style=\"font-weight: bold;\">Super content d&#8217;avoir pu me retrouver au avants postes pendant toute la course, et jouer avec les meilleurs !<\/span><\/p>\n<p style=\"margin: 0in; font-family: Calibri; font-size: 12.0pt; color: blue;\"><span style=\"font-weight: bold;\">Antony CHAMERAT<\/span><\/p>\n<p style=\"margin: 0in; font-family: Calibri; font-size: 12.0pt; color: blue;\"><img loading=\"lazy\" class=\"aligncenter size-large wp-image-2365\" src=\"http:\/\/velo-club-brignais.com\/v2\/wp-content\/uploads\/2017\/06\/Classement-1024x292.png\" alt=\"\" width=\"676\" height=\"193\" srcset=\"https:\/\/velo-club-brignais.com\/v2\/wp-content\/uploads\/2017\/06\/Classement-1024x292.png 1024w, https:\/\/velo-club-brignais.com\/v2\/wp-content\/uploads\/2017\/06\/Classement-150x43.png 150w, https:\/\/velo-club-brignais.com\/v2\/wp-content\/uploads\/2017\/06\/Classement-300x86.png 300w, https:\/\/velo-club-brignais.com\/v2\/wp-content\/uploads\/2017\/06\/Classement-768x219.png 768w, https:\/\/velo-club-brignais.com\/v2\/wp-content\/uploads\/2017\/06\/Classement-945x270.png 945w, https:\/\/velo-club-brignais.com\/v2\/wp-content\/uploads\/2017\/06\/Classement-600x171.png 600w, https:\/\/velo-club-brignais.com\/v2\/wp-content\/uploads\/2017\/06\/Classement.png 1034w\" sizes=\"(max-width: 676px) 100vw, 676px\" \/><\/p>\n","protected":false},"excerpt":{"rendered":"<p>Apr\u00e8s avoir fait 13e scratch au Raid du Bugey, mon objectif \u00e9tait de rentrer dans les 20, j&#8217;ai fini 15 ! Un d\u00e9part group\u00e9 qui monte \u00e0 un bon rythme en direction de Sainte-Consorce. Je suis toujours bien plac\u00e9 devant&#8230; <a class=\"more-link\" href=\"https:\/\/velo-club-brignais.com\/v2\/?page_id=2348\">Continue Reading &rarr;<\/a><\/p>\n","protected":false},"author":1,"featured_media":0,"parent":2033,"menu_order":0,"comment_status":"closed","ping_status":"closed","template":"","meta":{"_seopress_robots_primary_cat":"","_seopress_titles_title":"","_seopress_titles_desc":"","_seopress_robots_index":"","_monsterinsights_skip_tracking":false,"_monsterinsights_sitenote_active":false,"_monsterinsights_sitenote_note":"","_monsterinsights_sitenote_category":0},"_links":{"self":[{"href":"https:\/\/velo-club-brignais.com\/v2\/index.php?rest_route=\/wp\/v2\/pages\/2348"}],"collection":[{"href":"https:\/\/velo-club-brignais.com\/v2\/index.php?rest_route=\/wp\/v2\/pages"}],"about":[{"href":"https:\/\/velo-club-brignais.com\/v2\/index.php?rest_route=\/wp\/v2\/types\/page"}],"author":[{"embeddable":true,"href":"https:\/\/velo-club-brignais.com\/v2\/index.php?rest_route=\/wp\/v2\/users\/1"}],"replies":[{"embeddable":true,"href":"https:\/\/velo-club-brignais.com\/v2\/index.php?rest_route=%2Fwp%2Fv2%2Fcomments&post=2348"}],"version-history":[{"count":6,"href":"https:\/\/velo-club-brignais.com\/v2\/index.php?rest_route=\/wp\/v2\/pages\/2348\/revisions"}],"predecessor-version":[{"id":2367,"href":"https:\/\/velo-club-brignais.com\/v2\/index.php?rest_route=\/wp\/v2\/pages\/2348\/revisions\/2367"}],"up":[{"embeddable":true,"href":"https:\/\/velo-club-brignais.com\/v2\/index.php?rest_route=\/wp\/v2\/pages\/2033"}],"wp:attachment":[{"href":"https:\/\/velo-club-brignais.com\/v2\/index.php?rest_route=%2Fwp%2Fv2%2Fmedia&parent=2348"}],"curies":[{"name":"wp","href":"https:\/\/api.w.org\/{rel}","templated":true}]}}