{"id":275,"date":"2015-01-13T00:25:33","date_gmt":"2015-01-12T23:25:33","guid":{"rendered":"http:\/\/www.velo-club-brignais.com\/v2\/?page_id=275"},"modified":"2025-03-31T20:54:45","modified_gmt":"2025-03-31T19:54:45","slug":"acceuil-2","status":"publish","type":"page","link":"https:\/\/velo-club-brignais.com\/v2\/?page_id=275","title":{"rendered":"ACCUEIL"},"content":{"rendered":"<h2 style=\"text-align: center; margin-top: -10px;\"><span style=\"font-family: Arial,Helvetica,sans-serif;\"><strong><span style=\"color: #0000ff;\">V\u00c9LO CLUB de BRIGNAIS<\/span><\/strong><\/span><\/h2>\n<p style=\"text-align: center;\"><span style=\"font-family: Arial,Helvetica,sans-serif;\"><strong>Club ind\u00e9pendant et dynamique affili\u00e9 \u00e0 la FFC <\/strong><\/span><span style=\"font-family: Arial,Helvetica,sans-serif;\"><strong>et \u00e0 la FSGT<\/strong><\/span><\/p>\n<p style=\"text-align: left;\" align=\"center\"><strong><span style=\"font-family: Arial,Helvetica,sans-serif;\"><span style=\"text-decoration: underline;\"><span style=\"color: #ff0000; text-decoration: underline;\">Adresse si\u00e8ge<\/span><\/span> : Salle Du Garon &#8211; 3 boulevard des Sports &#8211; 69530 BRIGNAIS<\/span><\/strong><\/p>\n<p style=\"text-align: left;\" align=\"center\"><strong><span style=\"font-family: Arial,Helvetica,sans-serif;\"><span style=\"text-decoration: underline;\"><span style=\"color: #ff0000; text-decoration: underline;\">Permanences<\/span><\/span> : dernier lundi de chaque mois de 18h30 \u00e0 19h30 au si\u00e8ge<\/span><\/strong><\/p>\n<h2 style=\"text-align: center;\"><a href=\"https:\/\/www.facebook.com\/veloclubdebrignais\/\" target=\"_blank\" rel=\"attachment wp-att-1612 noopener noreferrer\"><img loading=\"lazy\" class=\"alignleft wp-image-1612 size-medium\" src=\"http:\/\/velo-club-brignais.com\/v2\/wp-content\/uploads\/2015\/01\/Facebook_Rejoignez-300x76.jpg\" alt=\"facebook_rejoignez\" width=\"300\" height=\"76\" srcset=\"https:\/\/velo-club-brignais.com\/v2\/wp-content\/uploads\/2015\/01\/Facebook_Rejoignez-300x76.jpg 300w, https:\/\/velo-club-brignais.com\/v2\/wp-content\/uploads\/2015\/01\/Facebook_Rejoignez-768x194.jpg 768w, https:\/\/velo-club-brignais.com\/v2\/wp-content\/uploads\/2015\/01\/Facebook_Rejoignez-600x151.jpg 600w, https:\/\/velo-club-brignais.com\/v2\/wp-content\/uploads\/2015\/01\/Facebook_Rejoignez.jpg 844w\" sizes=\"(max-width: 300px) 100vw, 300px\" \/><\/a><\/h2>\n<h2 style=\"text-align: center;\"><a href=\"https:\/\/www.strava.com\/clubs\/Velo-Club-Brignais\" target=\"_blank\" rel=\"attachment wp-att-1614 noopener noreferrer\"><img loading=\"lazy\" class=\"alignright wp-image-1614\" src=\"http:\/\/velo-club-brignais.com\/v2\/wp-content\/uploads\/2015\/01\/strava-300x194.jpg\" alt=\"strava\" width=\"133\" height=\"86\" srcset=\"https:\/\/velo-club-brignais.com\/v2\/wp-content\/uploads\/2015\/01\/strava-300x194.jpg 300w, https:\/\/velo-club-brignais.com\/v2\/wp-content\/uploads\/2015\/01\/strava.jpg 587w\" sizes=\"(max-width: 133px) 100vw, 133px\" \/><\/a><\/h2>\n<h2 style=\"text-align: center;\"><\/h2>\n<p><span style=\"color: #ffffff;\">.<\/span><\/p>\n<p><span style=\"color: #ffffff;\">.<\/span><\/p>\n<h2 style=\"text-align: center;\">&#8212;&#8212;&#8212;&#8212;&#8212;&#8212;&#8212;&#8212;&#8212;&#8212;&#8212;&#8212;&#8212;&#8212;&#8212;&#8212;&#8212;-<\/h2>\n<p><a href=\"http:\/\/velo-club-brignais.com\/v2\/wp-content\/uploads\/2025\/03\/Raid-VTT-GTML_Affiche_2025_V02-1-scaled.jpg\"><img loading=\"lazy\" class=\"wp-image-5447 aligncenter\" src=\"http:\/\/velo-club-brignais.com\/v2\/wp-content\/uploads\/2025\/03\/Raid-VTT-GTML_Affiche_2025_V02-1-724x1024.jpg\" alt=\"\" width=\"518\" height=\"733\" srcset=\"https:\/\/velo-club-brignais.com\/v2\/wp-content\/uploads\/2025\/03\/Raid-VTT-GTML_Affiche_2025_V02-1-724x1024.jpg 724w, https:\/\/velo-club-brignais.com\/v2\/wp-content\/uploads\/2025\/03\/Raid-VTT-GTML_Affiche_2025_V02-1-212x300.jpg 212w, https:\/\/velo-club-brignais.com\/v2\/wp-content\/uploads\/2025\/03\/Raid-VTT-GTML_Affiche_2025_V02-1-106x150.jpg 106w, https:\/\/velo-club-brignais.com\/v2\/wp-content\/uploads\/2025\/03\/Raid-VTT-GTML_Affiche_2025_V02-1-768x1086.jpg 768w, https:\/\/velo-club-brignais.com\/v2\/wp-content\/uploads\/2025\/03\/Raid-VTT-GTML_Affiche_2025_V02-1-1086x1536.jpg 1086w, https:\/\/velo-club-brignais.com\/v2\/wp-content\/uploads\/2025\/03\/Raid-VTT-GTML_Affiche_2025_V02-1-1448x2048.jpg 1448w, https:\/\/velo-club-brignais.com\/v2\/wp-content\/uploads\/2025\/03\/Raid-VTT-GTML_Affiche_2025_V02-1-945x1337.jpg 945w, https:\/\/velo-club-brignais.com\/v2\/wp-content\/uploads\/2025\/03\/Raid-VTT-GTML_Affiche_2025_V02-1-600x849.jpg 600w, https:\/\/velo-club-brignais.com\/v2\/wp-content\/uploads\/2025\/03\/Raid-VTT-GTML_Affiche_2025_V02-1-scaled.jpg 1810w\" sizes=\"(max-width: 518px) 100vw, 518px\" \/><\/a><\/p>\n<h2 style=\"text-align: center;\">&#8212;&#8212;&#8212;&#8212;&#8212;&#8212;&#8212;&#8212;&#8212;&#8212;&#8212;&#8212;&#8212;&#8212;&#8212;&#8212;&#8212;-<\/h2>\n<p><strong><span style=\"font-family: Arial,Helvetica,sans-serif;\">\u00a0 <\/span><\/strong><\/p>\n<p style=\"text-align: left;\" align=\"center\"><span style=\"font-family: Arial,Helvetica,sans-serif;\"><strong>Chaque mois un bulletin regroupant les activit\u00e9s du club : <a href=\"http:\/\/velo-club-brignais.com\/v2\/?page_id=646\">L&#8217;INFO DU VCB<\/a><\/strong><\/span><\/p>\n<div id=\"attachment_4938\" style=\"width: 263px\" class=\"wp-caption alignnone\"><a href=\"http:\/\/velo-club-brignais.com\/v2\/wp-content\/uploads\/2024\/04\/Info-du-VCB-273-Fev-24.pdf\"><img aria-describedby=\"caption-attachment-4938\" loading=\"lazy\" class=\"wp-image-4938\" src=\"http:\/\/velo-club-brignais.com\/v2\/wp-content\/uploads\/2024\/04\/Info-du-VCB-273-Fev-24.jpg\" alt=\"Info du VCB 273 Fev 24\" width=\"253\" height=\"342\" srcset=\"https:\/\/velo-club-brignais.com\/v2\/wp-content\/uploads\/2024\/04\/Info-du-VCB-273-Fev-24.jpg 633w, https:\/\/velo-club-brignais.com\/v2\/wp-content\/uploads\/2024\/04\/Info-du-VCB-273-Fev-24-222x300.jpg 222w, https:\/\/velo-club-brignais.com\/v2\/wp-content\/uploads\/2024\/04\/Info-du-VCB-273-Fev-24-111x150.jpg 111w, https:\/\/velo-club-brignais.com\/v2\/wp-content\/uploads\/2024\/04\/Info-du-VCB-273-Fev-24-600x810.jpg 600w\" sizes=\"(max-width: 253px) 100vw, 253px\" \/><\/a><p id=\"caption-attachment-4938\" class=\"wp-caption-text\"><a href=\"http:\/\/velo-club-brignais.com\/v2\/wp-content\/uploads\/2024\/04\/Info-du-VCB-273-Fev-24.jpg\">L&#8217;info du VCB F\u00e9vrier 2024<\/a><\/p><\/div>\n<p style=\"text-align: left;\" align=\"center\">\n<p style=\"text-align: left;\" align=\"center\"><span style=\"font-family: Arial,Helvetica,sans-serif;\">Vous pouvez aussi nous rejoindre et discuter notre page <strong><a href=\"https:\/\/www.facebook.com\/veloclubdebrignais\">Facebook<\/a><\/strong><\/span><\/p>\n<p style=\"text-align: left;\" align=\"center\"><span style=\"font-family: Arial,Helvetica,sans-serif;\">L&#8217;ensemble de nos r\u00e9sultats est disponible sur <\/span><strong><span style=\"font-family: Arial,Helvetica,sans-serif;\"><a href=\"http:\/\/velo-club-brignais.com\/v2\/wp-content\/uploads\/2015\/01\/VCB-livre-dor-2015.pdf\">LE LIVRE D&#8217;OR DU VCB<\/a><\/span><\/strong><\/p>\n<h2 style=\"text-align: center;\">&#8212;&#8212;&#8212;&#8212;&#8212;&#8212;&#8212;&#8212;&#8212;&#8212;&#8212;&#8212;&#8212;&#8212;&#8212;&#8212;&#8212;-<\/h2>\n<h2 style=\"text-align: center; margin-top: -10px;\"><span style=\"font-family: Arial,Helvetica,sans-serif;\"><strong><span style=\"color: #0000ff;\">Nos partenaires Club<br \/>\n<\/span><\/strong><\/span><\/h2>\n<p><a href=\"http:\/\/velo-club-brignais.com\/v2\/wp-content\/uploads\/2024\/07\/partenaires-2024.jpg\"><img loading=\"lazy\" class=\"aligncenter  wp-image-5212\" src=\"http:\/\/velo-club-brignais.com\/v2\/wp-content\/uploads\/2024\/07\/partenaires-2024.jpg\" alt=\"\" width=\"438\" height=\"621\" srcset=\"https:\/\/velo-club-brignais.com\/v2\/wp-content\/uploads\/2024\/07\/partenaires-2024.jpg 602w, https:\/\/velo-club-brignais.com\/v2\/wp-content\/uploads\/2024\/07\/partenaires-2024-211x300.jpg 211w, https:\/\/velo-club-brignais.com\/v2\/wp-content\/uploads\/2024\/07\/partenaires-2024-106x150.jpg 106w, https:\/\/velo-club-brignais.com\/v2\/wp-content\/uploads\/2024\/07\/partenaires-2024-600x851.jpg 600w\" sizes=\"(max-width: 438px) 100vw, 438px\" \/><\/a><\/p>\n<p align=\"center\">\n<h2 style=\"text-align: center;\">&#8212;&#8212;&#8212;&#8212;&#8212;&#8212;&#8212;&#8212;&#8212;&#8212;&#8212;&#8212;&#8212;&#8212;&#8212;&#8212;&#8212;-<\/h2>\n<h2 style=\"text-align: center; margin-top: -10px;\"><span style=\"font-family: Arial,Helvetica,sans-serif;\"><strong><span style=\"color: #0000ff;\">Contrat d&#8217;engagement r\u00e9publicain<\/span><\/strong><\/span><\/h2>\n<p style=\"text-align: center;\"><a href=\"http:\/\/velo-club-brignais.com\/v2\/wp-content\/uploads\/2024\/07\/Contrat-dengagement-republicain-conforme-au-decret-d-application-22087-VCB.pdf\">Contrat-dengagement-republicain-conforme-au-decret-d-application-22087 &#8211; VCB<\/a><\/p>\n<p align=\"center\">\n<p style=\"text-align: center;\" align=\"center\">\n<p align=\"center\">\n<p align=\"center\">\n","protected":false},"excerpt":{"rendered":"<p>V\u00c9LO CLUB de BRIGNAIS Club ind\u00e9pendant et dynamique affili\u00e9 \u00e0 la FFC et \u00e0 la FSGT Adresse si\u00e8ge : Salle Du Garon &#8211; 3 boulevard des Sports &#8211; 69530 BRIGNAIS Permanences : dernier lundi de chaque mois de 18h30 \u00e0&#8230; <a class=\"more-link\" href=\"https:\/\/velo-club-brignais.com\/v2\/?page_id=275\">Continue Reading &rarr;<\/a><\/p>\n","protected":false},"author":1,"featured_media":0,"parent":0,"menu_order":0,"comment_status":"closed","ping_status":"closed","template":"","meta":{"_seopress_robots_primary_cat":"","_seopress_titles_title":"Bienvenue sur le site du V\u00e9lo Club de Brignais (69)","_seopress_titles_desc":"Le V\u00e9lo Club de Brignais dans le Rh\u00f4ne est un club ind\u00e9pendant et dynamique affili\u00e9 \u00e0 la FFC et \u00e0 la FSGT.","_seopress_robots_index":"","_monsterinsights_skip_tracking":false,"_monsterinsights_sitenote_active":false,"_monsterinsights_sitenote_note":"","_monsterinsights_sitenote_category":0},"_links":{"self":[{"href":"https:\/\/velo-club-brignais.com\/v2\/index.php?rest_route=\/wp\/v2\/pages\/275"}],"collection":[{"href":"https:\/\/velo-club-brignais.com\/v2\/index.php?rest_route=\/wp\/v2\/pages"}],"about":[{"href":"https:\/\/velo-club-brignais.com\/v2\/index.php?rest_route=\/wp\/v2\/types\/page"}],"author":[{"embeddable":true,"href":"https:\/\/velo-club-brignais.com\/v2\/index.php?rest_route=\/wp\/v2\/users\/1"}],"replies":[{"embeddable":true,"href":"https:\/\/velo-club-brignais.com\/v2\/index.php?rest_route=%2Fwp%2Fv2%2Fcomments&post=275"}],"version-history":[{"count":201,"href":"https:\/\/velo-club-brignais.com\/v2\/index.php?rest_route=\/wp\/v2\/pages\/275\/revisions"}],"predecessor-version":[{"id":5511,"href":"https:\/\/velo-club-brignais.com\/v2\/index.php?rest_route=\/wp\/v2\/pages\/275\/revisions\/5511"}],"wp:attachment":[{"href":"https:\/\/velo-club-brignais.com\/v2\/index.php?rest_route=%2Fwp%2Fv2%2Fmedia&parent=275"}],"curies":[{"name":"wp","href":"https:\/\/api.w.org\/{rel}","templated":true}]}}