{"id":418,"date":"2015-03-09T19:25:17","date_gmt":"2015-03-09T18:25:17","guid":{"rendered":"http:\/\/www.velo-club-brignais.com\/v2\/?page_id=418"},"modified":"2024-04-04T09:00:10","modified_gmt":"2024-04-04T08:00:10","slug":"le-club","status":"publish","type":"page","link":"https:\/\/velo-club-brignais.com\/v2\/?page_id=418","title":{"rendered":"Le Club"},"content":{"rendered":"<p align=\"left\"><span style=\"font-family: Arial,Helvetica,sans-serif;\">Cr\u00e9\u00e9 le 5 octobre 1996 sous l&#8217;impulsion de personnes d\u00e9sireuses d&#8217;appartenir \u00e0 une association ind\u00e9pendante, le V\u00e9lo Club Brignais attire chaque ann\u00e9e de nouveaux membres, venant de Brignais et des communes environnantes passionn\u00e9s par la petite reine.<\/span><\/p>\n<p><span style=\"font-family: Arial,Helvetica,sans-serif;\">Le Club permet \u00e0 ses adh\u00e9rents de pratiquer aussi bien le <strong>v\u00e9lo de route<\/strong> que le <strong>VTT<\/strong>.<\/span><\/p>\n<p><span style=\"font-family: Arial,Helvetica,sans-serif;\">Le V\u00e9lo Club Brignais est affili\u00e9 \u00e0 deux F\u00e9d\u00e9rations :<br \/>\n&#8211; La <a href=\"https:\/\/ffc.fr\/\"><strong>FFC<\/strong><\/a> (F\u00e9d\u00e9ration Fran\u00e7aise de Cyclisme) qui repr\u00e9sente 85 % de ses licenci\u00e9s.<br \/>\n&#8211; La <a href=\"https:\/\/www.fsgt.org\/\"><strong>FSGT<\/strong><\/a> (F\u00e9d\u00e9ration sportive et gymnique du travail) qui repr\u00e9sente 15%.<\/span><\/p>\n<p><span style=\"font-family: Arial,Helvetica,sans-serif;\">Les entra\u00eenements ont lieu le samedi apr\u00e8s midi \u00e0 13h30 au d\u00e9part du Briscope, pour la Route et le VTT et le dimanche matin au d\u00e9part du Briscope (horaires variables), avec des sorties collectives de 50 \u00e0 150 km. Pour la route des groupes de niveaux sont mis en place, et les parcours sont pr\u00e9-\u00e9tablis. Pour le VTT des sorties sont \u00e9galement programm\u00e9es.<\/span><\/p>\n<p><span style=\"font-family: Arial,Helvetica,sans-serif;\">L&#8217;<a href=\"http:\/\/velo-club-brignais.com\/v2\/?page_id=3347\">Ecole de VTT<\/a>, pour les jeunes (filles et gar\u00e7ons) de 6 \u00e0 17 ans, s&#8217;entra\u00eene quant \u00e0 elle, le samedi matin de 8h45 \u00e0 12h. Le rendez-vous est donn\u00e9 sur l&#8217;esplanade du gymnase Minssieux. R\u00e9partis en 5 groupes de niveaux, les jeunes sont encadr\u00e9s par des moniteurs dipl\u00f4m\u00e9s.<br \/>\n<\/span><\/p>\n<p><span style=\"font-family: Arial,Helvetica,sans-serif;\"> Le club se fixe plusieurs objectifs :<br \/>\n&#8211; La formation des jeunes avec l&#8217;initiation et la pratique du VTT<br \/>\n&#8211; L&#8217;organisation de l&#8217;\u00e9preuve <a href=\"http:\/\/velo-club-brignais.com\/v2\/?page_id=3460\">Henry Anglade VTT<\/a><br \/>\n&#8211; La participation aux \u00e9preuves r\u00e9gionales et locales de v\u00e9lo Route et VTT<br \/>\n&#8211; Le rassemblement et la coh\u00e9sion d&#8217;un Groupe<br \/>\n&#8211; L&#8217;organisation d&#8217;une sortie Club annuelle<br \/>\n&#8211; L\u2019organisation de stages Route<br \/>\n&#8211; La diffusion d&#8217;un journal mensuel INFO VELO avec publicit\u00e9 des sponsors<\/span><\/p>\n<p><span style=\"font-family: Arial,Helvetica,sans-serif;\"> Pour atteindre nos objectifs d&#8217;encadrement des jeunes et de d\u00e9veloppement du VTT, le V\u00e9lo Club Brignais recherche des moniteurs dipl\u00f4m\u00e9s ou des volontaires qui souhaiteraient suivre une formation pay\u00e9e par le Club. <\/span><\/p>\n","protected":false},"excerpt":{"rendered":"<p>Cr\u00e9\u00e9 le 5 octobre 1996 sous l&#8217;impulsion de personnes d\u00e9sireuses d&#8217;appartenir \u00e0 une association ind\u00e9pendante, le V\u00e9lo Club Brignais attire chaque ann\u00e9e de nouveaux membres, venant de Brignais et des communes environnantes passionn\u00e9s par la petite reine. Le Club permet&#8230; <a class=\"more-link\" href=\"https:\/\/velo-club-brignais.com\/v2\/?page_id=418\">Continue Reading &rarr;<\/a><\/p>\n","protected":false},"author":1,"featured_media":0,"parent":0,"menu_order":3,"comment_status":"closed","ping_status":"closed","template":"","meta":{"_seopress_robots_primary_cat":"","_seopress_titles_title":"","_seopress_titles_desc":"","_seopress_robots_index":"","_monsterinsights_skip_tracking":false,"_monsterinsights_sitenote_active":false,"_monsterinsights_sitenote_note":"","_monsterinsights_sitenote_category":0},"_links":{"self":[{"href":"https:\/\/velo-club-brignais.com\/v2\/index.php?rest_route=\/wp\/v2\/pages\/418"}],"collection":[{"href":"https:\/\/velo-club-brignais.com\/v2\/index.php?rest_route=\/wp\/v2\/pages"}],"about":[{"href":"https:\/\/velo-club-brignais.com\/v2\/index.php?rest_route=\/wp\/v2\/types\/page"}],"author":[{"embeddable":true,"href":"https:\/\/velo-club-brignais.com\/v2\/index.php?rest_route=\/wp\/v2\/users\/1"}],"replies":[{"embeddable":true,"href":"https:\/\/velo-club-brignais.com\/v2\/index.php?rest_route=%2Fwp%2Fv2%2Fcomments&post=418"}],"version-history":[{"count":5,"href":"https:\/\/velo-club-brignais.com\/v2\/index.php?rest_route=\/wp\/v2\/pages\/418\/revisions"}],"predecessor-version":[{"id":4936,"href":"https:\/\/velo-club-brignais.com\/v2\/index.php?rest_route=\/wp\/v2\/pages\/418\/revisions\/4936"}],"wp:attachment":[{"href":"https:\/\/velo-club-brignais.com\/v2\/index.php?rest_route=%2Fwp%2Fv2%2Fmedia&parent=418"}],"curies":[{"name":"wp","href":"https:\/\/api.w.org\/{rel}","templated":true}]}}