{"id":5009,"date":"2024-05-06T07:46:20","date_gmt":"2024-05-06T06:46:20","guid":{"rendered":"http:\/\/velo-club-brignais.com\/v2\/?page_id=5009"},"modified":"2024-05-06T10:27:05","modified_gmt":"2024-05-06T09:27:05","slug":"tdjv-de-saint-laurent-de-mure","status":"publish","type":"page","link":"https:\/\/velo-club-brignais.com\/v2\/?page_id=5009","title":{"rendered":"TDJV de Saint Laurent de Mure &#8211; 05 mai 2024"},"content":{"rendered":"\n<div class=\"wp-block-media-text alignwide is-stacked-on-mobile\"><figure class=\"wp-block-media-text__media\"><img loading=\"lazy\" width=\"1024\" height=\"768\" src=\"http:\/\/velo-club-brignais.com\/v2\/wp-content\/uploads\/2024\/05\/TDJV_ECM_Groupe-1024x768.jpg\" alt=\"TDJV ECM 2024 comp\u00e9titeurs VCB\" class=\"wp-image-4998 size-full\" srcset=\"https:\/\/velo-club-brignais.com\/v2\/wp-content\/uploads\/2024\/05\/TDJV_ECM_Groupe-1024x768.jpg 1024w, https:\/\/velo-club-brignais.com\/v2\/wp-content\/uploads\/2024\/05\/TDJV_ECM_Groupe-300x225.jpg 300w, https:\/\/velo-club-brignais.com\/v2\/wp-content\/uploads\/2024\/05\/TDJV_ECM_Groupe-150x113.jpg 150w, https:\/\/velo-club-brignais.com\/v2\/wp-content\/uploads\/2024\/05\/TDJV_ECM_Groupe-768x576.jpg 768w, https:\/\/velo-club-brignais.com\/v2\/wp-content\/uploads\/2024\/05\/TDJV_ECM_Groupe-1536x1152.jpg 1536w, https:\/\/velo-club-brignais.com\/v2\/wp-content\/uploads\/2024\/05\/TDJV_ECM_Groupe-945x709.jpg 945w, https:\/\/velo-club-brignais.com\/v2\/wp-content\/uploads\/2024\/05\/TDJV_ECM_Groupe-600x450.jpg 600w, https:\/\/velo-club-brignais.com\/v2\/wp-content\/uploads\/2024\/05\/TDJV_ECM_Groupe.jpg 1600w\" sizes=\"(max-width: 1024px) 100vw, 1024px\" \/><\/figure><div class=\"wp-block-media-text__content\">\n<p class=\"has-large-font-size\">20 jeunes v\u00e9t\u00e9tistes et 2 arbitres de trial du VCB participaient au TDJV organis\u00e9 par l&#8217;Etoile Cycle Muroise le dimanche 05 mai 2024.<\/p>\n<\/div><\/div>\n\n\n\n<p><\/p>\n\n\n\n<p>Les \u00e9preuves du TDVJ de l&#8217;ECM sont le Trial et Cross-country Eliminator (XCE).<\/p>\n\n\n\n<h2>6 podiums pour le VCB<\/h2>\n\n\n\n<p>Un grand bravo \u00e0 tous les m\u00e9daill\u00e9s :<br>&#8211; Basile et Gabin, 1er et 3\u00e8me en U9 gar\u00e7ons,<br>&#8211; P\u00e9n\u00e9lope, 1\u00e8re en U11 filles,<br>&#8211; Nathanel et Loan, 1er et 2\u00e8me en U11 gar\u00e7ons,<br>&#8211; Beno\u00eet 3\u00e8me en U17 gar\u00e7ons.<\/p>\n\n\n\n<p>Les familles \u00e9taient \u00e9galement pr\u00e9sentes au rendez-vous pour donner de la voix et encourager les enfants !<\/p>\n\n\n\n<h2>Prochain rendez-vous<\/h2>\n\n\n\n<p>Le prochain objectif sportif sera le TDJV de Brignais. Il aura lieu le dimanche 02 juin 2024 dans le bois Sacuny.<\/p>\n\n\n\n<p>On compte sur tous les amateurs de VTT du secteur pour venir faire un tour sur cette \u00e9preuve organis\u00e9e par notre club.<\/p>\n\n\n\n<figure class=\"wp-block-gallery has-nested-images columns-default is-cropped\">\n<figure class=\"wp-block-image size-large\"><img loading=\"lazy\" width=\"754\" height=\"618\" data-id=\"5003\"  src=\"http:\/\/velo-club-brignais.com\/v2\/wp-content\/uploads\/2024\/05\/TDJV_ECM_PodiumU9G.jpg\" alt=\"\" class=\"wp-image-5003\" srcset=\"https:\/\/velo-club-brignais.com\/v2\/wp-content\/uploads\/2024\/05\/TDJV_ECM_PodiumU9G.jpg 754w, https:\/\/velo-club-brignais.com\/v2\/wp-content\/uploads\/2024\/05\/TDJV_ECM_PodiumU9G-300x246.jpg 300w, https:\/\/velo-club-brignais.com\/v2\/wp-content\/uploads\/2024\/05\/TDJV_ECM_PodiumU9G-150x123.jpg 150w, https:\/\/velo-club-brignais.com\/v2\/wp-content\/uploads\/2024\/05\/TDJV_ECM_PodiumU9G-600x492.jpg 600w\" sizes=\"(max-width: 754px) 100vw, 754px\" \/><\/figure>\n\n\n\n<figure class=\"wp-block-image size-large\"><img loading=\"lazy\" width=\"658\" height=\"696\" data-id=\"5002\"  src=\"http:\/\/velo-club-brignais.com\/v2\/wp-content\/uploads\/2024\/05\/TDJV_ECM_Podium_U17G.jpg\" alt=\"\" class=\"wp-image-5002\" srcset=\"https:\/\/velo-club-brignais.com\/v2\/wp-content\/uploads\/2024\/05\/TDJV_ECM_Podium_U17G.jpg 658w, https:\/\/velo-club-brignais.com\/v2\/wp-content\/uploads\/2024\/05\/TDJV_ECM_Podium_U17G-284x300.jpg 284w, https:\/\/velo-club-brignais.com\/v2\/wp-content\/uploads\/2024\/05\/TDJV_ECM_Podium_U17G-142x150.jpg 142w, https:\/\/velo-club-brignais.com\/v2\/wp-content\/uploads\/2024\/05\/TDJV_ECM_Podium_U17G-600x635.jpg 600w\" sizes=\"(max-width: 658px) 100vw, 658px\" \/><\/figure>\n\n\n\n<figure class=\"wp-block-image size-large\"><img loading=\"lazy\" width=\"756\" height=\"564\" data-id=\"5001\"  src=\"http:\/\/velo-club-brignais.com\/v2\/wp-content\/uploads\/2024\/05\/TDJV_ECM_Podium_U11G.jpg\" alt=\"\" class=\"wp-image-5001\" srcset=\"https:\/\/velo-club-brignais.com\/v2\/wp-content\/uploads\/2024\/05\/TDJV_ECM_Podium_U11G.jpg 756w, https:\/\/velo-club-brignais.com\/v2\/wp-content\/uploads\/2024\/05\/TDJV_ECM_Podium_U11G-300x224.jpg 300w, https:\/\/velo-club-brignais.com\/v2\/wp-content\/uploads\/2024\/05\/TDJV_ECM_Podium_U11G-150x112.jpg 150w, https:\/\/velo-club-brignais.com\/v2\/wp-content\/uploads\/2024\/05\/TDJV_ECM_Podium_U11G-600x448.jpg 600w\" sizes=\"(max-width: 756px) 100vw, 756px\" \/><\/figure>\n\n\n\n<figure class=\"wp-block-image size-large\"><img loading=\"lazy\" width=\"745\" height=\"633\" data-id=\"5000\"  src=\"http:\/\/velo-club-brignais.com\/v2\/wp-content\/uploads\/2024\/05\/TDJV_ECM_Podium_U11F.jpg\" alt=\"\" class=\"wp-image-5000\" srcset=\"https:\/\/velo-club-brignais.com\/v2\/wp-content\/uploads\/2024\/05\/TDJV_ECM_Podium_U11F.jpg 745w, https:\/\/velo-club-brignais.com\/v2\/wp-content\/uploads\/2024\/05\/TDJV_ECM_Podium_U11F-300x255.jpg 300w, https:\/\/velo-club-brignais.com\/v2\/wp-content\/uploads\/2024\/05\/TDJV_ECM_Podium_U11F-150x127.jpg 150w, https:\/\/velo-club-brignais.com\/v2\/wp-content\/uploads\/2024\/05\/TDJV_ECM_Podium_U11F-600x510.jpg 600w\" sizes=\"(max-width: 745px) 100vw, 745px\" \/><\/figure>\n\n\n\n<figure class=\"wp-block-image size-large\"><img loading=\"lazy\" width=\"1204\" height=\"1600\" data-id=\"4999\"  src=\"http:\/\/velo-club-brignais.com\/v2\/wp-content\/uploads\/2024\/05\/TDJV_ECM_Medailles.jpg\" alt=\"\" class=\"wp-image-4999\" srcset=\"https:\/\/velo-club-brignais.com\/v2\/wp-content\/uploads\/2024\/05\/TDJV_ECM_Medailles.jpg 1204w, https:\/\/velo-club-brignais.com\/v2\/wp-content\/uploads\/2024\/05\/TDJV_ECM_Medailles-226x300.jpg 226w, https:\/\/velo-club-brignais.com\/v2\/wp-content\/uploads\/2024\/05\/TDJV_ECM_Medailles-771x1024.jpg 771w, https:\/\/velo-club-brignais.com\/v2\/wp-content\/uploads\/2024\/05\/TDJV_ECM_Medailles-113x150.jpg 113w, https:\/\/velo-club-brignais.com\/v2\/wp-content\/uploads\/2024\/05\/TDJV_ECM_Medailles-768x1021.jpg 768w, https:\/\/velo-club-brignais.com\/v2\/wp-content\/uploads\/2024\/05\/TDJV_ECM_Medailles-1156x1536.jpg 1156w, https:\/\/velo-club-brignais.com\/v2\/wp-content\/uploads\/2024\/05\/TDJV_ECM_Medailles-945x1256.jpg 945w, https:\/\/velo-club-brignais.com\/v2\/wp-content\/uploads\/2024\/05\/TDJV_ECM_Medailles-600x797.jpg 600w\" sizes=\"(max-width: 1204px) 100vw, 1204px\" \/><\/figure>\n<\/figure>\n","protected":false},"excerpt":{"rendered":"<p>20 jeunes v\u00e9t\u00e9tistes et 2 arbitres de trial du VCB participaient au TDJV organis\u00e9 par l&#8217;Etoile Cycle Muroise le dimanche 05 mai 2024. Les \u00e9preuves du TDVJ de l&#8217;ECM sont le Trial et Cross-country Eliminator (XCE). 6 podiums pour le&#8230; <a class=\"more-link\" href=\"https:\/\/velo-club-brignais.com\/v2\/?page_id=5009\">Continue Reading &rarr;<\/a><\/p>\n","protected":false},"author":1,"featured_media":0,"parent":724,"menu_order":3,"comment_status":"closed","ping_status":"closed","template":"","meta":{"_seopress_robots_primary_cat":"","_seopress_titles_title":"TDJV de l&#039;ECM, les v\u00e9t\u00e9tistes du VCB pr\u00e9sents au rendez-vous","_seopress_titles_desc":"20 jeunes v\u00e9t\u00e9tistes et 6 podium pour le VCB lors du TDJV de l&#039;Etoile Cycle Muroise le dimanche 05 mai 2024.","_seopress_robots_index":"","_monsterinsights_skip_tracking":false,"_monsterinsights_sitenote_active":false,"_monsterinsights_sitenote_note":"","_monsterinsights_sitenote_category":0},"_links":{"self":[{"href":"https:\/\/velo-club-brignais.com\/v2\/index.php?rest_route=\/wp\/v2\/pages\/5009"}],"collection":[{"href":"https:\/\/velo-club-brignais.com\/v2\/index.php?rest_route=\/wp\/v2\/pages"}],"about":[{"href":"https:\/\/velo-club-brignais.com\/v2\/index.php?rest_route=\/wp\/v2\/types\/page"}],"author":[{"embeddable":true,"href":"https:\/\/velo-club-brignais.com\/v2\/index.php?rest_route=\/wp\/v2\/users\/1"}],"replies":[{"embeddable":true,"href":"https:\/\/velo-club-brignais.com\/v2\/index.php?rest_route=%2Fwp%2Fv2%2Fcomments&post=5009"}],"version-history":[{"count":2,"href":"https:\/\/velo-club-brignais.com\/v2\/index.php?rest_route=\/wp\/v2\/pages\/5009\/revisions"}],"predecessor-version":[{"id":5013,"href":"https:\/\/velo-club-brignais.com\/v2\/index.php?rest_route=\/wp\/v2\/pages\/5009\/revisions\/5013"}],"up":[{"embeddable":true,"href":"https:\/\/velo-club-brignais.com\/v2\/index.php?rest_route=\/wp\/v2\/pages\/724"}],"wp:attachment":[{"href":"https:\/\/velo-club-brignais.com\/v2\/index.php?rest_route=%2Fwp%2Fv2%2Fmedia&parent=5009"}],"curies":[{"name":"wp","href":"https:\/\/api.w.org\/{rel}","templated":true}]}}