{"id":620,"date":"2015-03-09T20:58:43","date_gmt":"2015-03-09T19:58:43","guid":{"rendered":"http:\/\/www.velo-club-brignais.com\/v2\/?page_id=620"},"modified":"2021-12-23T19:51:45","modified_gmt":"2021-12-23T18:51:45","slug":"nos-activites","status":"publish","type":"page","link":"https:\/\/velo-club-brignais.com\/v2\/?page_id=620","title":{"rendered":"Nos activit\u00e9s"},"content":{"rendered":"<div align=\"center\"><\/div>\n<p><strong><span style=\"font-family: Arial,Helvetica,sans-serif;\">Notre club a pour objectif la pratique en groupe du v\u00e9lo de route et de VTT. Les entra\u00eenements ont lieu le samedi et le dimanche avec diff\u00e9rents groupes de niveaux. Les participations au rallyes, courses, cyclosportives et randonn\u00e9es, permettent \u00e0 nos adh\u00e9rents de rencontrer d&#8217;autres circuits, clubs et coureurs de la r\u00e9gion Rh\u00f4ne Alpes.<\/span><\/strong><\/p>\n<p><strong><span style=\"font-family: Arial,Helvetica,sans-serif;\">Le samedi apr\u00e8s midi :<br \/>\nD\u00e9part au Briscope \u00e0 13h30<br \/>\nPlusieurs groupes selon les niveaux.<br \/>\nParcours d\u00e9finis au d\u00e9part<\/span><\/strong><\/p>\n<p><strong><span style=\"font-family: Arial,Helvetica,sans-serif;\">Le dimanche matin et jours f\u00e9ri\u00e9s :<br \/>\nD\u00e9part au Briscope \u00e0 :<br \/>\n&#8211; Janvier 09h00<br \/>\n&#8211; F\u00e9vrier 09h00<br \/>\n&#8211; Mars 08h30<br \/>\n&#8211; Avril et mai 08h00<br \/>\n&#8211; Juin juillet et ao\u00fbt 07h30<br \/>\n&#8211; Septembre 08h00<br \/>\n&#8211; Octobre et novembre 08h30<br \/>\n&#8211; D\u00e9cembre 09h00<br \/>\nPlusieurs groupes selon le niveau.<br \/>\nParcours pr\u00e9d\u00e9finis dans notre bulletin INFO-VCB.<\/span><\/strong><\/p>\n<p><strong>Activit\u00e9s 2022:<\/strong><\/p>\n<p><a href=\"http:\/\/velo-club-brignais.com\/v2\/wp-content\/uploads\/2021\/12\/activit\u00e9s-2022.jpg\"><img loading=\"lazy\" class=\"aligncenter size-full wp-image-3967\" src=\"http:\/\/velo-club-brignais.com\/v2\/wp-content\/uploads\/2021\/12\/activit\u00e9s-2022.jpg\" alt=\"\" width=\"385\" height=\"562\" srcset=\"https:\/\/velo-club-brignais.com\/v2\/wp-content\/uploads\/2021\/12\/activit\u00e9s-2022.jpg 385w, https:\/\/velo-club-brignais.com\/v2\/wp-content\/uploads\/2021\/12\/activit\u00e9s-2022-103x150.jpg 103w, https:\/\/velo-club-brignais.com\/v2\/wp-content\/uploads\/2021\/12\/activit\u00e9s-2022-206x300.jpg 206w\" sizes=\"(max-width: 385px) 100vw, 385px\" \/><\/a><\/p>\n<p><!--more--><\/p>\n","protected":false},"excerpt":{"rendered":"<p>Notre club a pour objectif la pratique en groupe du v\u00e9lo de route et de VTT. Les entra\u00eenements ont lieu le samedi et le dimanche avec diff\u00e9rents groupes de niveaux. Les participations au rallyes, courses, cyclosportives et randonn\u00e9es, permettent \u00e0&#8230; <a class=\"more-link\" href=\"https:\/\/velo-club-brignais.com\/v2\/?page_id=620\">Continue Reading &rarr;<\/a><\/p>\n","protected":false},"author":1,"featured_media":0,"parent":0,"menu_order":4,"comment_status":"closed","ping_status":"open","template":"","meta":{"_seopress_robots_primary_cat":"","_seopress_titles_title":"","_seopress_titles_desc":"","_seopress_robots_index":"","_monsterinsights_skip_tracking":false,"_monsterinsights_sitenote_active":false,"_monsterinsights_sitenote_note":"","_monsterinsights_sitenote_category":0},"_links":{"self":[{"href":"https:\/\/velo-club-brignais.com\/v2\/index.php?rest_route=\/wp\/v2\/pages\/620"}],"collection":[{"href":"https:\/\/velo-club-brignais.com\/v2\/index.php?rest_route=\/wp\/v2\/pages"}],"about":[{"href":"https:\/\/velo-club-brignais.com\/v2\/index.php?rest_route=\/wp\/v2\/types\/page"}],"author":[{"embeddable":true,"href":"https:\/\/velo-club-brignais.com\/v2\/index.php?rest_route=\/wp\/v2\/users\/1"}],"replies":[{"embeddable":true,"href":"https:\/\/velo-club-brignais.com\/v2\/index.php?rest_route=%2Fwp%2Fv2%2Fcomments&post=620"}],"version-history":[{"count":4,"href":"https:\/\/velo-club-brignais.com\/v2\/index.php?rest_route=\/wp\/v2\/pages\/620\/revisions"}],"predecessor-version":[{"id":3968,"href":"https:\/\/velo-club-brignais.com\/v2\/index.php?rest_route=\/wp\/v2\/pages\/620\/revisions\/3968"}],"wp:attachment":[{"href":"https:\/\/velo-club-brignais.com\/v2\/index.php?rest_route=%2Fwp%2Fv2%2Fmedia&parent=620"}],"curies":[{"name":"wp","href":"https:\/\/api.w.org\/{rel}","templated":true}]}}