{"id":623,"date":"2015-03-09T20:59:45","date_gmt":"2015-03-09T19:59:45","guid":{"rendered":"http:\/\/www.velo-club-brignais.com\/v2\/?page_id=623"},"modified":"2026-02-01T18:25:14","modified_gmt":"2026-02-01T17:25:14","slug":"route","status":"publish","type":"page","link":"https:\/\/velo-club-brignais.com\/v2\/?page_id=623","title":{"rendered":"Route"},"content":{"rendered":"<p style=\"text-align: center;\" align=\"center\"><strong>BRISCOPE<\/strong><br \/>Les samedis apr\u00e8s-midi \u00e0 13h30<\/p>\n<p style=\"text-align: center;\" align=\"center\"><strong>Salle du Garon<\/strong><br \/>Les dimanches et jours f\u00e9ri\u00e9s<br \/>9h00 en mars<br \/>8h30 en avril, mai ,juin<\/p>\n<div align=\"center\">\n<p>&#8212;&#8212;<\/p>\n<p style=\"text-align: center;\"><strong>Sorties route &#8211; Activit\u00e9s et parcours 2026<\/strong><\/p>\n<\/div>\n\n\n<figure class=\"wp-block-gallery has-nested-images columns-default is-cropped\">\n<figure class=\"wp-block-image size-full\"><img loading=\"lazy\" width=\"588\" height=\"836\" data-id=\"5716\"  src=\"http:\/\/velo-club-brignais.com\/v2\/wp-content\/uploads\/2026\/02\/calendrier-2026.jpg\" alt=\"\" class=\"wp-image-5716\" srcset=\"https:\/\/velo-club-brignais.com\/v2\/wp-content\/uploads\/2026\/02\/calendrier-2026.jpg 588w, https:\/\/velo-club-brignais.com\/v2\/wp-content\/uploads\/2026\/02\/calendrier-2026-211x300.jpg 211w, https:\/\/velo-club-brignais.com\/v2\/wp-content\/uploads\/2026\/02\/calendrier-2026-106x150.jpg 106w\" sizes=\"(max-width: 588px) 100vw, 588px\" \/><\/figure>\n<\/figure>\n\n\n\n<div class=\"wp-block-file\"><object class=\"wp-block-file__embed\" data=\"http:\/\/velo-club-brignais.com\/v2\/wp-content\/uploads\/2025\/02\/VC-BRIGNAIS-Saison-2025.pdf\" type=\"application\/pdf\" style=\"width:100%;height:200px\" aria-label=\"Contenu embarqu\u00e9 VC BRIGNAIS - Saison 2025.\"><\/object><a id=\"wp-block-file--media-bf6a3a89-07c3-4ce1-a442-96ac316aa2d2\" href=\"http:\/\/velo-club-brignais.com\/v2\/wp-content\/uploads\/2025\/02\/VC-BRIGNAIS-Saison-2025.pdf\">VC BRIGNAIS &#8211; Saison 2025<\/a><a href=\"http:\/\/velo-club-brignais.com\/v2\/wp-content\/uploads\/2025\/02\/VC-BRIGNAIS-Saison-2025.pdf\" class=\"wp-block-file__button\" download aria-describedby=\"wp-block-file--media-bf6a3a89-07c3-4ce1-a442-96ac316aa2d2\">T\u00e9l\u00e9charger<\/a><\/div>\n","protected":false},"excerpt":{"rendered":"<p>BRISCOPELes samedis apr\u00e8s-midi \u00e0 13h30 Salle du GaronLes dimanches et jours f\u00e9ri\u00e9s9h00 en mars8h30 en avril, mai ,juin &#8212;&#8212; Sorties route &#8211; Activit\u00e9s et parcours 2026<\/p>\n","protected":false},"author":1,"featured_media":0,"parent":620,"menu_order":1,"comment_status":"closed","ping_status":"open","template":"","meta":{"_seopress_robots_primary_cat":"","_seopress_titles_title":"","_seopress_titles_desc":"","_seopress_robots_index":"","_monsterinsights_skip_tracking":false,"_monsterinsights_sitenote_active":false,"_monsterinsights_sitenote_note":"","_monsterinsights_sitenote_category":0},"_links":{"self":[{"href":"https:\/\/velo-club-brignais.com\/v2\/index.php?rest_route=\/wp\/v2\/pages\/623"}],"collection":[{"href":"https:\/\/velo-club-brignais.com\/v2\/index.php?rest_route=\/wp\/v2\/pages"}],"about":[{"href":"https:\/\/velo-club-brignais.com\/v2\/index.php?rest_route=\/wp\/v2\/types\/page"}],"author":[{"embeddable":true,"href":"https:\/\/velo-club-brignais.com\/v2\/index.php?rest_route=\/wp\/v2\/users\/1"}],"replies":[{"embeddable":true,"href":"https:\/\/velo-club-brignais.com\/v2\/index.php?rest_route=%2Fwp%2Fv2%2Fcomments&post=623"}],"version-history":[{"count":27,"href":"https:\/\/velo-club-brignais.com\/v2\/index.php?rest_route=\/wp\/v2\/pages\/623\/revisions"}],"predecessor-version":[{"id":5718,"href":"https:\/\/velo-club-brignais.com\/v2\/index.php?rest_route=\/wp\/v2\/pages\/623\/revisions\/5718"}],"up":[{"embeddable":true,"href":"https:\/\/velo-club-brignais.com\/v2\/index.php?rest_route=\/wp\/v2\/pages\/620"}],"wp:attachment":[{"href":"https:\/\/velo-club-brignais.com\/v2\/index.php?rest_route=%2Fwp%2Fv2%2Fmedia&parent=623"}],"curies":[{"name":"wp","href":"https:\/\/api.w.org\/{rel}","templated":true}]}}