{"id":625,"date":"2015-03-09T21:00:46","date_gmt":"2015-03-09T20:00:46","guid":{"rendered":"http:\/\/www.velo-club-brignais.com\/v2\/?page_id=625"},"modified":"2026-02-01T18:31:12","modified_gmt":"2026-02-01T17:31:12","slug":"625-2","status":"publish","type":"page","link":"https:\/\/velo-club-brignais.com\/v2\/?page_id=625","title":{"rendered":"VTT"},"content":{"rendered":"<p>\u00a0<\/p>\n<p align=\"center\"><strong>Le lieu de rendez vous pour les sorties VTT Loisirs est fix\u00e9 \u00e0 MINSSIEUX<\/strong><br \/>Les dimanches et jours f\u00e9ri\u00e9s<br \/>jusqu\u2019au 15 mars: Rendez-vous 8h45 , d\u00e9part 9h00<br \/>\u00e0 partir 15mars: Rendez-vous \u00e0 8h20, D\u00e9part 8h30<\/p>\n<p align=\"center\">Les parcours sont accessibles via le lien:<\/p>\n\n\n<div class=\"wp-block-file\"><object class=\"wp-block-file__embed\" data=\"http:\/\/velo-club-brignais.com\/v2\/wp-content\/uploads\/2026\/02\/VCB_-VTT-Loisirs-janv-fev-2026-Rev-a.pdf\" type=\"application\/pdf\" style=\"width:100%;height:600px\" aria-label=\"Contenu embarqu\u00e9 VCB_ VTT Loisirs janv f\u00e9v 2026 Rev a.\"><\/object><a id=\"wp-block-file--media-d1324512-d02c-4452-b14b-4a0ca99fcc89\" href=\"http:\/\/velo-club-brignais.com\/v2\/wp-content\/uploads\/2026\/02\/VCB_-VTT-Loisirs-janv-fev-2026-Rev-a.pdf\">VCB_ VTT Loisirs janv f\u00e9v 2026 Rev a<\/a><a href=\"http:\/\/velo-club-brignais.com\/v2\/wp-content\/uploads\/2026\/02\/VCB_-VTT-Loisirs-janv-fev-2026-Rev-a.pdf\" class=\"wp-block-file__button\" download aria-describedby=\"wp-block-file--media-d1324512-d02c-4452-b14b-4a0ca99fcc89\">T\u00e9l\u00e9charger<\/a><\/div>\n","protected":false},"excerpt":{"rendered":"<p>\u00a0 Le lieu de rendez vous pour les sorties VTT Loisirs est fix\u00e9 \u00e0 MINSSIEUXLes dimanches et jours f\u00e9ri\u00e9sjusqu\u2019au 15 mars: Rendez-vous 8h45 , d\u00e9part 9h00\u00e0 partir 15mars: Rendez-vous \u00e0 8h20, D\u00e9part 8h30 Les parcours sont accessibles via le lien:<\/p>\n","protected":false},"author":1,"featured_media":0,"parent":620,"menu_order":2,"comment_status":"closed","ping_status":"open","template":"","meta":{"_seopress_robots_primary_cat":"","_seopress_titles_title":"","_seopress_titles_desc":"","_seopress_robots_index":"","_monsterinsights_skip_tracking":false,"_monsterinsights_sitenote_active":false,"_monsterinsights_sitenote_note":"","_monsterinsights_sitenote_category":0},"_links":{"self":[{"href":"https:\/\/velo-club-brignais.com\/v2\/index.php?rest_route=\/wp\/v2\/pages\/625"}],"collection":[{"href":"https:\/\/velo-club-brignais.com\/v2\/index.php?rest_route=\/wp\/v2\/pages"}],"about":[{"href":"https:\/\/velo-club-brignais.com\/v2\/index.php?rest_route=\/wp\/v2\/types\/page"}],"author":[{"embeddable":true,"href":"https:\/\/velo-club-brignais.com\/v2\/index.php?rest_route=\/wp\/v2\/users\/1"}],"replies":[{"embeddable":true,"href":"https:\/\/velo-club-brignais.com\/v2\/index.php?rest_route=%2Fwp%2Fv2%2Fcomments&post=625"}],"version-history":[{"count":19,"href":"https:\/\/velo-club-brignais.com\/v2\/index.php?rest_route=\/wp\/v2\/pages\/625\/revisions"}],"predecessor-version":[{"id":5722,"href":"https:\/\/velo-club-brignais.com\/v2\/index.php?rest_route=\/wp\/v2\/pages\/625\/revisions\/5722"}],"up":[{"embeddable":true,"href":"https:\/\/velo-club-brignais.com\/v2\/index.php?rest_route=\/wp\/v2\/pages\/620"}],"wp:attachment":[{"href":"https:\/\/velo-club-brignais.com\/v2\/index.php?rest_route=%2Fwp%2Fv2%2Fmedia&parent=625"}],"curies":[{"name":"wp","href":"https:\/\/api.w.org\/{rel}","templated":true}]}}