{"id":628,"date":"2015-03-09T21:01:48","date_gmt":"2015-03-09T20:01:48","guid":{"rendered":"http:\/\/www.velo-club-brignais.com\/v2\/?page_id=628"},"modified":"2025-02-19T19:05:25","modified_gmt":"2025-02-19T18:05:25","slug":"loisirs","status":"publish","type":"page","link":"https:\/\/velo-club-brignais.com\/v2\/?page_id=628","title":{"rendered":"Loisirs"},"content":{"rendered":"<p align=\"left\"><span style=\"font-family: Arial,Helvetica,sans-serif;\"><strong>Le V\u00e9lo Club de Brignais propose a ses adh\u00e9rents diverses activit\u00e9s annexes:<\/strong><\/span><\/p>\n<p align=\"left\"><strong><span style=\"font-family: Arial,Helvetica,sans-serif;\">&#8211; La Gymnastique tous les lundis soirs de 18h30 \u00e0 20h<br \/>\n<\/span><\/strong><\/p>\n<p align=\"left\"><strong><span style=\"font-family: Arial,Helvetica,sans-serif;\">&#8211; Les voeux en janvier<\/span><\/strong><\/p>\n<p align=\"left\"><strong><span style=\"font-family: Arial,Helvetica,sans-serif;\">&#8211; La soir\u00e9e dansante<\/span><\/strong><\/p>\n<p align=\"left\"><strong><span style=\"font-family: Arial,Helvetica,sans-serif;\">&#8211; Un stage de pr\u00e9paration en mars avant la saison de route<\/span><\/strong><\/p>\n<p align=\"left\"><strong><span style=\"font-family: Arial,Helvetica,sans-serif;\">&#8211; Une sortie familiale en mai<\/span><\/strong><\/p>\n<p align=\"left\"><span style=\"font-family: Arial, Helvetica, sans-serif;\"><b>&#8211; Plusieurs sorties clubs en route et VTT (voir le planning des sorties)<\/b><\/span><\/p>\n","protected":false},"excerpt":{"rendered":"<p>Le V\u00e9lo Club de Brignais propose a ses adh\u00e9rents diverses activit\u00e9s annexes: &#8211; La Gymnastique tous les lundis soirs de 18h30 \u00e0 20h &#8211; Les voeux en janvier &#8211; La soir\u00e9e dansante &#8211; Un stage de pr\u00e9paration en mars avant&#8230; <a class=\"more-link\" href=\"https:\/\/velo-club-brignais.com\/v2\/?page_id=628\">Continue Reading &rarr;<\/a><\/p>\n","protected":false},"author":1,"featured_media":0,"parent":620,"menu_order":3,"comment_status":"closed","ping_status":"open","template":"","meta":{"_seopress_robots_primary_cat":"","_seopress_titles_title":"","_seopress_titles_desc":"","_seopress_robots_index":"","_monsterinsights_skip_tracking":false,"_monsterinsights_sitenote_active":false,"_monsterinsights_sitenote_note":"","_monsterinsights_sitenote_category":0},"_links":{"self":[{"href":"https:\/\/velo-club-brignais.com\/v2\/index.php?rest_route=\/wp\/v2\/pages\/628"}],"collection":[{"href":"https:\/\/velo-club-brignais.com\/v2\/index.php?rest_route=\/wp\/v2\/pages"}],"about":[{"href":"https:\/\/velo-club-brignais.com\/v2\/index.php?rest_route=\/wp\/v2\/types\/page"}],"author":[{"embeddable":true,"href":"https:\/\/velo-club-brignais.com\/v2\/index.php?rest_route=\/wp\/v2\/users\/1"}],"replies":[{"embeddable":true,"href":"https:\/\/velo-club-brignais.com\/v2\/index.php?rest_route=%2Fwp%2Fv2%2Fcomments&post=628"}],"version-history":[{"count":4,"href":"https:\/\/velo-club-brignais.com\/v2\/index.php?rest_route=\/wp\/v2\/pages\/628\/revisions"}],"predecessor-version":[{"id":5356,"href":"https:\/\/velo-club-brignais.com\/v2\/index.php?rest_route=\/wp\/v2\/pages\/628\/revisions\/5356"}],"up":[{"embeddable":true,"href":"https:\/\/velo-club-brignais.com\/v2\/index.php?rest_route=\/wp\/v2\/pages\/620"}],"wp:attachment":[{"href":"https:\/\/velo-club-brignais.com\/v2\/index.php?rest_route=%2Fwp%2Fv2%2Fmedia&parent=628"}],"curies":[{"name":"wp","href":"https:\/\/api.w.org\/{rel}","templated":true}]}}