{"id":632,"date":"2015-03-09T21:07:06","date_gmt":"2015-03-09T20:07:06","guid":{"rendered":"http:\/\/www.velo-club-brignais.com\/v2\/?page_id=632"},"modified":"2025-03-23T19:14:06","modified_gmt":"2025-03-23T18:14:06","slug":"nos-epreuves","status":"publish","type":"page","link":"https:\/\/velo-club-brignais.com\/v2\/?page_id=632","title":{"rendered":"Nos \u00e9preuves"},"content":{"rendered":"<p style=\"text-align: center;\"><span style=\"color: #0000ff; font-size: xx-large;\">La Ronde de Brignais<\/span><\/p>\n<p style=\"text-align: center;\" align=\"center\"><span style=\"color: #0000ff; font-size: xx-large;\">Le Troph\u00e9e des Jeunes V\u00e9t\u00e9tistes <\/span><\/p>\n<p style=\"text-align: center;\" align=\"center\"><span style=\"color: #0000ff; font-size: xx-large;\">La Henry ANGLADE<\/span><\/p>\n<p style=\"text-align: center;\" align=\"center\"><span style=\"color: #0000ff; font-size: xx-large;\">Le raid VTT GTML<\/span><\/p>\n<p align=\"center\">\n<p style=\"text-align: center;\" align=\"center\">\n","protected":false},"excerpt":{"rendered":"<p>La Ronde de Brignais Le Troph\u00e9e des Jeunes V\u00e9t\u00e9tistes La Henry ANGLADE Le raid VTT GTML<\/p>\n","protected":false},"author":1,"featured_media":0,"parent":0,"menu_order":5,"comment_status":"closed","ping_status":"open","template":"","meta":{"_seopress_robots_primary_cat":"","_seopress_titles_title":"","_seopress_titles_desc":"","_seopress_robots_index":"","_monsterinsights_skip_tracking":false,"_monsterinsights_sitenote_active":false,"_monsterinsights_sitenote_note":"","_monsterinsights_sitenote_category":0},"_links":{"self":[{"href":"https:\/\/velo-club-brignais.com\/v2\/index.php?rest_route=\/wp\/v2\/pages\/632"}],"collection":[{"href":"https:\/\/velo-club-brignais.com\/v2\/index.php?rest_route=\/wp\/v2\/pages"}],"about":[{"href":"https:\/\/velo-club-brignais.com\/v2\/index.php?rest_route=\/wp\/v2\/types\/page"}],"author":[{"embeddable":true,"href":"https:\/\/velo-club-brignais.com\/v2\/index.php?rest_route=\/wp\/v2\/users\/1"}],"replies":[{"embeddable":true,"href":"https:\/\/velo-club-brignais.com\/v2\/index.php?rest_route=%2Fwp%2Fv2%2Fcomments&post=632"}],"version-history":[{"count":13,"href":"https:\/\/velo-club-brignais.com\/v2\/index.php?rest_route=\/wp\/v2\/pages\/632\/revisions"}],"predecessor-version":[{"id":5381,"href":"https:\/\/velo-club-brignais.com\/v2\/index.php?rest_route=\/wp\/v2\/pages\/632\/revisions\/5381"}],"wp:attachment":[{"href":"https:\/\/velo-club-brignais.com\/v2\/index.php?rest_route=%2Fwp%2Fv2%2Fmedia&parent=632"}],"curies":[{"name":"wp","href":"https:\/\/api.w.org\/{rel}","templated":true}]}}