{"id":655,"date":"2015-03-09T22:30:02","date_gmt":"2015-03-09T21:30:02","guid":{"rendered":"http:\/\/www.velo-club-brignais.com\/v2\/?page_id=655"},"modified":"2026-03-16T12:21:40","modified_gmt":"2026-03-16T11:21:40","slug":"lecole-de-vtt","status":"publish","type":"page","link":"https:\/\/velo-club-brignais.com\/v2\/?page_id=655","title":{"rendered":"L&#8217;\u00e9cole de VTT"},"content":{"rendered":"\n<p>Bienvenue sur la page de la section &#8220;\u00e9cole de VTT&#8221; du V\u00e9lo Club de Brignais.<\/p>\n\n\n\n<p>Pour tout renseignement, contactez-nous \u00e0 l&#8217;adresse <a href=\"mailto:vtt.brignais@gmail.com\"><strong>vtt.brignais@gmail.com<\/strong><\/a><\/p>\n\n\n\n<p><\/p>\n\n\n\n<figure class=\"wp-block-gallery has-nested-images columns-default is-cropped\">\n<figure class=\"wp-block-image\"><img loading=\"lazy\" width=\"1024\" height=\"683\" data-id=\"3934\"  src=\"http:\/\/velo-club-brignais.com\/v2\/wp-content\/uploads\/2021\/10\/2021-10-09-photo-\u00e9cole-VCBRIGNAIS-1024x683.jpg\" alt=\"\" class=\"wp-image-3934\" srcset=\"https:\/\/velo-club-brignais.com\/v2\/wp-content\/uploads\/2021\/10\/2021-10-09-photo-\u00e9cole-VCBRIGNAIS-1024x683.jpg 1024w, https:\/\/velo-club-brignais.com\/v2\/wp-content\/uploads\/2021\/10\/2021-10-09-photo-\u00e9cole-VCBRIGNAIS-150x100.jpg 150w, https:\/\/velo-club-brignais.com\/v2\/wp-content\/uploads\/2021\/10\/2021-10-09-photo-\u00e9cole-VCBRIGNAIS-300x200.jpg 300w, https:\/\/velo-club-brignais.com\/v2\/wp-content\/uploads\/2021\/10\/2021-10-09-photo-\u00e9cole-VCBRIGNAIS-768x512.jpg 768w, https:\/\/velo-club-brignais.com\/v2\/wp-content\/uploads\/2021\/10\/2021-10-09-photo-\u00e9cole-VCBRIGNAIS-945x630.jpg 945w, https:\/\/velo-club-brignais.com\/v2\/wp-content\/uploads\/2021\/10\/2021-10-09-photo-\u00e9cole-VCBRIGNAIS-600x400.jpg 600w, https:\/\/velo-club-brignais.com\/v2\/wp-content\/uploads\/2021\/10\/2021-10-09-photo-\u00e9cole-VCBRIGNAIS.jpg 1773w\" sizes=\"(max-width: 1024px) 100vw, 1024px\" \/><\/figure>\n<\/figure>\n","protected":false},"excerpt":{"rendered":"<p>Bienvenue sur la page de la section &#8220;\u00e9cole de VTT&#8221; du V\u00e9lo Club de Brignais. Pour tout renseignement, contactez-nous \u00e0 l&#8217;adresse vtt.brignais@gmail.com<\/p>\n","protected":false},"author":1,"featured_media":0,"parent":0,"menu_order":5,"comment_status":"closed","ping_status":"closed","template":"","meta":{"_seopress_robots_primary_cat":"","_seopress_titles_title":"Ecole de VTT du V\u00e9lo Club de Brignais","_seopress_titles_desc":"L'\u00e9cole de VTT accueille les enfants de 6 \u00e0 17 ans pour des entrainements hebdomadaires, sur la commune de Brignais (69) et alentours","_seopress_robots_index":"","_monsterinsights_skip_tracking":false,"_monsterinsights_sitenote_active":false,"_monsterinsights_sitenote_note":"","_monsterinsights_sitenote_category":0},"_links":{"self":[{"href":"https:\/\/velo-club-brignais.com\/v2\/index.php?rest_route=\/wp\/v2\/pages\/655"}],"collection":[{"href":"https:\/\/velo-club-brignais.com\/v2\/index.php?rest_route=\/wp\/v2\/pages"}],"about":[{"href":"https:\/\/velo-club-brignais.com\/v2\/index.php?rest_route=\/wp\/v2\/types\/page"}],"author":[{"embeddable":true,"href":"https:\/\/velo-club-brignais.com\/v2\/index.php?rest_route=\/wp\/v2\/users\/1"}],"replies":[{"embeddable":true,"href":"https:\/\/velo-club-brignais.com\/v2\/index.php?rest_route=%2Fwp%2Fv2%2Fcomments&post=655"}],"version-history":[{"count":30,"href":"https:\/\/velo-club-brignais.com\/v2\/index.php?rest_route=\/wp\/v2\/pages\/655\/revisions"}],"predecessor-version":[{"id":5769,"href":"https:\/\/velo-club-brignais.com\/v2\/index.php?rest_route=\/wp\/v2\/pages\/655\/revisions\/5769"}],"wp:attachment":[{"href":"https:\/\/velo-club-brignais.com\/v2\/index.php?rest_route=%2Fwp%2Fv2%2Fmedia&parent=655"}],"curies":[{"name":"wp","href":"https:\/\/api.w.org\/{rel}","templated":true}]}}