{"id":657,"date":"2015-03-09T22:30:45","date_gmt":"2015-03-09T21:30:45","guid":{"rendered":"http:\/\/www.velo-club-brignais.com\/v2\/?page_id=657"},"modified":"2025-03-31T15:56:38","modified_gmt":"2025-03-31T14:56:38","slug":"calendrier","status":"publish","type":"page","link":"https:\/\/velo-club-brignais.com\/v2\/?page_id=657","title":{"rendered":"Planning d&#8217;entra\u00eenement 2024\/2025"},"content":{"rendered":"\n<p>L&#8217;Ecole de VTT du VCB s&#8217;entra\u00eene tous les samedis matins.<\/p>\n\n\n\n<p>Les jeunes v\u00e9t\u00e9tistes sont r\u00e9partis en 5 groupes de niveaux.<\/p>\n\n\n\n<p>Ils travaillent \u00e0 3 disciplines : la descente (DH), le trial et le cross-country (XC), sur des s\u00e9quences de 3 semaines cons\u00e9cutives.<\/p>\n\n\n\n<h2>Planning d&#8217;entra\u00eenement &#8211; saison 2025<\/h2>\n\n\n\n<p>C<em>liquer sur l&#8217;image pour ouvrir en grand<\/em><\/p>\n\n\n\n<figure class=\"wp-block-image size-large\"><a href=\"https:\/\/velo-club-brignais.com\/v2\/wp-content\/uploads\/2025\/03\/Planning_VCB_EcoleVTT_2025.png\" target=\"_blank\" rel=\"noopener\"><img loading=\"lazy\" width=\"1024\" height=\"509\" src=\"https:\/\/velo-club-brignais.com\/v2\/wp-content\/uploads\/2025\/03\/Planning_VCB_EcoleVTT_2025-1024x509.png\" alt=\"\" class=\"wp-image-5486\" srcset=\"https:\/\/velo-club-brignais.com\/v2\/wp-content\/uploads\/2025\/03\/Planning_VCB_EcoleVTT_2025-1024x509.png 1024w, https:\/\/velo-club-brignais.com\/v2\/wp-content\/uploads\/2025\/03\/Planning_VCB_EcoleVTT_2025-300x149.png 300w, https:\/\/velo-club-brignais.com\/v2\/wp-content\/uploads\/2025\/03\/Planning_VCB_EcoleVTT_2025-150x75.png 150w, https:\/\/velo-club-brignais.com\/v2\/wp-content\/uploads\/2025\/03\/Planning_VCB_EcoleVTT_2025-768x382.png 768w, https:\/\/velo-club-brignais.com\/v2\/wp-content\/uploads\/2025\/03\/Planning_VCB_EcoleVTT_2025-1536x764.png 1536w, https:\/\/velo-club-brignais.com\/v2\/wp-content\/uploads\/2025\/03\/Planning_VCB_EcoleVTT_2025-2048x1019.png 2048w, https:\/\/velo-club-brignais.com\/v2\/wp-content\/uploads\/2025\/03\/Planning_VCB_EcoleVTT_2025-945x470.png 945w, https:\/\/velo-club-brignais.com\/v2\/wp-content\/uploads\/2025\/03\/Planning_VCB_EcoleVTT_2025-600x298.png 600w\" sizes=\"(max-width: 1024px) 100vw, 1024px\" \/><\/a><figcaption>Planning d&#8217;entra\u00eenements de l&#8217;Ecole de VTT 2025<\/figcaption><\/figure>\n\n\n\n<p><em>Le planning est susceptible d&#8217;\u00e9voluer en fonction de la m\u00e9t\u00e9o et des conditions des terrains d&#8217;entra\u00eenement.<\/em><\/p>\n","protected":false},"excerpt":{"rendered":"<p>L&#8217;Ecole de VTT du VCB s&#8217;entra\u00eene tous les samedis matins. Les jeunes v\u00e9t\u00e9tistes sont r\u00e9partis en 5 groupes de niveaux. Ils travaillent \u00e0 3 disciplines : la descente (DH), le trial et le cross-country (XC), sur des s\u00e9quences de 3&#8230; <a class=\"more-link\" href=\"https:\/\/velo-club-brignais.com\/v2\/?page_id=657\">Continue Reading &rarr;<\/a><\/p>\n","protected":false},"author":1,"featured_media":0,"parent":655,"menu_order":4,"comment_status":"closed","ping_status":"closed","template":"","meta":{"_seopress_robots_primary_cat":"","_seopress_titles_title":"Ecole de VTT du VCB - Planning d'entra\u00eenement 2024-2025","_seopress_titles_desc":"L'Ecole de VTT s'entra\u00eene tous les samedis matins. Les jeunes VTTistes s'entra\u00eenent \u00e0 la descente (DH), au trial et au cross-country (XC).","_seopress_robots_index":"","_monsterinsights_skip_tracking":false,"_monsterinsights_sitenote_active":false,"_monsterinsights_sitenote_note":"","_monsterinsights_sitenote_category":0},"_links":{"self":[{"href":"https:\/\/velo-club-brignais.com\/v2\/index.php?rest_route=\/wp\/v2\/pages\/657"}],"collection":[{"href":"https:\/\/velo-club-brignais.com\/v2\/index.php?rest_route=\/wp\/v2\/pages"}],"about":[{"href":"https:\/\/velo-club-brignais.com\/v2\/index.php?rest_route=\/wp\/v2\/types\/page"}],"author":[{"embeddable":true,"href":"https:\/\/velo-club-brignais.com\/v2\/index.php?rest_route=\/wp\/v2\/users\/1"}],"replies":[{"embeddable":true,"href":"https:\/\/velo-club-brignais.com\/v2\/index.php?rest_route=%2Fwp%2Fv2%2Fcomments&post=657"}],"version-history":[{"count":47,"href":"https:\/\/velo-club-brignais.com\/v2\/index.php?rest_route=\/wp\/v2\/pages\/657\/revisions"}],"predecessor-version":[{"id":5488,"href":"https:\/\/velo-club-brignais.com\/v2\/index.php?rest_route=\/wp\/v2\/pages\/657\/revisions\/5488"}],"up":[{"embeddable":true,"href":"https:\/\/velo-club-brignais.com\/v2\/index.php?rest_route=\/wp\/v2\/pages\/655"}],"wp:attachment":[{"href":"https:\/\/velo-club-brignais.com\/v2\/index.php?rest_route=%2Fwp%2Fv2%2Fmedia&parent=657"}],"curies":[{"name":"wp","href":"https:\/\/api.w.org\/{rel}","templated":true}]}}